{"id":1059,"date":"2022-10-25T14:05:18","date_gmt":"2022-10-25T14:05:18","guid":{"rendered":"https:\/\/colamericanodegirardot.edu.co\/home\/?page_id=1059"},"modified":"2026-01-09T17:50:46","modified_gmt":"2026-01-09T17:50:46","slug":"bienvenida-a-la-seccion-de-preescolar-ano-2022","status":"publish","type":"page","link":"https:\/\/colamericanodegirardot.edu.co\/home\/bienvenida-a-la-seccion-de-preescolar-ano-2022\/","title":{"rendered":"SECCI\u00d3N DE PREESCOLAR"},"content":{"rendered":"\n<h1  data-animation-delay=\"0\" data-animation-duration=\"2\">\n\t\t\tEn nuestro nivel de Preescolar\t<\/h1>\n\t<p>Los ni\u00f1os crecen en un ambiente c\u00e1lido, seguro y alegre, donde aprenden a trav\u00e9s del juego, la exploraci\u00f3n y la creatividad.<br data-start=\"824\" data-end=\"827\" \/>Fomentamos su curiosidad natural y fortalecemos los valores que gu\u00edan su crecimiento integral.<\/p>\n\t\t\t<a href=\"https:\/\/www.facebook.com\/ColegioAmericanodeGirardot\/videos\/1973349513491245?locale=es_LA\" target=\"_blank\" rel=\"noopener\">\n\t\t\t\t\t\t\tDescubre m\u00e1s sobre Preescolar\n\t\t\t<\/a>\n<h2  data-animation-delay=\"0\" data-animation-duration=\"2\">\n\t\t\tPromovemos el enfoque STEAM desde la primera infancia\t<\/h2>\n\t<p>Desde temprana edad, nuestros ni\u00f1os desarrollan habilidades cient\u00edficas, tecnol\u00f3gicas, art\u00edsticas y sociales que fortalecen su curiosidad natural y amor por el aprendizaje.<\/p>\n\t\t\t\t<img loading=\"lazy\" decoding=\"async\" src=\"https:\/\/colamericanodegirardot.edu.co\/home\/wp-content\/uploads\/2025\/10\/STEAM3.jpg\" alt=\"STEAM3\" itemprop=\"image\" height=\"900\" width=\"1350\" title=\"STEAM3\" onerror=\"this.style.display='none'\" loading=\"lazy\" \/>\n\t<h3>Ciencia y creatividad<\/h3>\n<p><img decoding=\"async\" role=\"img\" draggable=\"false\" src=\"https:\/\/s.w.org\/images\/core\/emoji\/16.0.1\/svg\/1f9ea.svg\" alt=\"\ud83e\uddea\" \/> <em data-start=\"987\" data-end=\"1027\">Explorando el mundo a trav\u00e9s del juego\u00a0<\/em><\/p>\n<p>Los ni\u00f1os descubren los fen\u00f3menos naturales mediante experimentos simples, arte y construcci\u00f3n con materiales manipulativos.<\/p>\n<p><a href=\"#\">Lea<\/a><a href=\"#\">rn<\/a><a href=\"#\"> more &gt;<\/a><\/p>\n\t\t\t\t<img loading=\"lazy\" decoding=\"async\" src=\"https:\/\/colamericanodegirardot.edu.co\/home\/wp-content\/uploads\/2025\/10\/STEAM6.jpg\" alt=\"STEAM6\" itemprop=\"image\" height=\"900\" width=\"1350\" title=\"STEAM6\" onerror=\"this.style.display='none'\" loading=\"lazy\" \/>\n\t<h3>Aprendizaje activo<\/h3>\n<p><img decoding=\"async\" role=\"img\" draggable=\"false\" src=\"https:\/\/s.w.org\/images\/core\/emoji\/16.0.1\/svg\/1f9e9.svg\" alt=\"\ud83e\udde9\" \/> <em data-start=\"1198\" data-end=\"1224\">Pensar, crear y resolver\u00a0\u00a0<\/em><\/p>\n<p>Fomentamos el trabajo colaborativo, la experimentaci\u00f3n y el pensamiento cr\u00edtico a trav\u00e9s de actividades que integran las \u00e1reas STEAM.<\/p>\n<p><a href=\"#\">Learn more &gt;<\/a><\/p>\n\t\t\t\t<img loading=\"lazy\" decoding=\"async\" src=\"https:\/\/colamericanodegirardot.edu.co\/home\/wp-content\/uploads\/2025\/10\/STEAM5.jpg\" alt=\"STEAM5\" itemprop=\"image\" height=\"900\" width=\"1350\" title=\"STEAM5\" onerror=\"this.style.display='none'\" loading=\"lazy\" \/>\n\t<h3>Innovaci\u00f3n y tecnolog\u00eda<\/h3>\n<p><img decoding=\"async\" role=\"img\" draggable=\"false\" src=\"https:\/\/s.w.org\/images\/core\/emoji\/16.0.1\/svg\/1f4bb.svg\" alt=\"\ud83d\udcbb\" \/> <em data-start=\"1409\" data-end=\"1457\">Jugamos aprendiendo con herramientas digitales<\/em><img decoding=\"async\" role=\"img\" draggable=\"false\" src=\"https:\/\/s.w.org\/images\/core\/emoji\/16.0.1\/svg\/1f4bb.svg\" alt=\"\ud83d\udcbb\" \/> <em data-start=\"1409\" data-end=\"1457\">Jugamos aprendiendo con herramientas digitales<\/em><\/p>\n<p>A trav\u00e9s del uso responsable de la tecnolog\u00eda, los peque\u00f1os fortalecen sus habilidades de observaci\u00f3n, dise\u00f1o y resoluci\u00f3n de problemas.<\/p>\n<p><a href=\"#\">Learn more &gt;<\/a><\/p>\n\t\t\t\t<img loading=\"lazy\" decoding=\"async\" src=\"https:\/\/colamericanodegirardot.edu.co\/home\/wp-content\/uploads\/2025\/11\/Preescolar-orando.png\" alt=\"Preescolar orando\" itemprop=\"image\" height=\"1200\" width=\"1600\" title=\"Preescolar orando\" onerror=\"this.style.display='none'\" loading=\"lazy\" \/>\n<h2  data-animation-delay=\"0\" data-animation-duration=\"2\">\n\t\t\t<img decoding=\"async\" alt=\"\ud83d\udc9b\" src=\"https:\/\/s.w.org\/images\/core\/emoji\/16.0.1\/svg\/1f49b.svg\" draggable=\"false\" role=\"img\"\/> Formaci\u00f3n en valores cristoc\u00e9ntricos\t<\/h2>\n\t<p>En el Colegio Americano de Girardot formamos a nuestros ni\u00f1os bajo principios cristianos que inspiran amor, respeto y solidaridad.<br data-start=\"1913\" data-end=\"1916\" \/>Cada experiencia en el aula es una oportunidad para vivir los valores que fortalecen su fe y car\u00e1cter, gui\u00e1ndolos a ser ciudadanos \u00edntegros y comprometidos con la sociedad.<\/p>\n<p>&#8220;Educamos con amor, inspirados por la fe.&#8221;<\/p>\n\t\t\t<a href=\"https:\/\/www.facebook.com\/photo\/?fbid=1395362885925941&#038;set=pcb.1395363685925861&#038;locale=es_LA\" target=\"_blank\" rel=\"noopener\">\n\t\t\t\t\t\t\tDescubre m\u00e1s\n\t\t\t<\/a>\n<h2  data-animation-delay=\"0\" data-animation-duration=\"2\">\n\t\t\tCuidado del medio ambiente\t<\/h2>\n\t<p><img decoding=\"async\" role=\"img\" draggable=\"false\" src=\"https:\/\/s.w.org\/images\/core\/emoji\/16.0.1\/svg\/1f33f.svg\" alt=\"\ud83c\udf3f\" \/> Peque\u00f1os guardianes del planeta<\/p>\n<p>Nuestros estudiantes participan en proyectos ambientales donde aprenden la importancia de cuidar y proteger la naturaleza.<br data-start=\"2483\" data-end=\"2486\" \/>Desde la siembra de plantas hasta el reciclaje creativo, fomentamos el amor por la vida y la responsabilidad ecol\u00f3gica desde sus primeros a\u00f1os.<\/p>\n<ul>\n<li data-start=\"2674\" data-end=\"2720\">\n<img decoding=\"async\" role=\"img\" draggable=\"false\" src=\"https:\/\/s.w.org\/images\/core\/emoji\/16.0.1\/svg\/1f331.svg\" alt=\"\ud83c\udf31\" \/> Siembra y cuidado de huertas escolares.\n<\/li>\n<li data-start=\"2721\" data-end=\"2766\">\n<img decoding=\"async\" role=\"img\" draggable=\"false\" src=\"https:\/\/s.w.org\/images\/core\/emoji\/16.0.1\/svg\/267b.svg\" alt=\"\u267b\ufe0f\" \/> Campa\u00f1as de reciclaje y reutilizaci\u00f3n.\n<\/li>\n<li data-start=\"2767\" data-end=\"2817\">\n<img decoding=\"async\" role=\"img\" draggable=\"false\" src=\"https:\/\/s.w.org\/images\/core\/emoji\/16.0.1\/svg\/1f4a7.svg\" alt=\"\ud83d\udca7\" \/> Valoraci\u00f3n del agua y los recursos naturales.\n<\/li>\n<\/ul>\n<p>&nbsp;<\/p>\n\t\t\t<a href=\"https:\/\/www.facebook.com\/ColegioAmericanodeGirardot\/videos\/1146074337408522?locale=es_LA\" target=\"_blank\" rel=\"noopener\">\n\t\t\t\t\t\t\tDescubre m\u00e1s\n\t\t\t<\/a>\n\t\t\t\t<img loading=\"lazy\" decoding=\"async\" src=\"https:\/\/colamericanodegirardot.edu.co\/home\/wp-content\/uploads\/2025\/11\/Aula-Ambiental-Abierta.png\" alt=\"Aula Ambiental Abierta\" itemprop=\"image\" height=\"1280\" width=\"1920\" title=\"Aula Ambiental Abierta\" onerror=\"this.style.display='none'\" loading=\"lazy\" \/>\n\t\t\t\t<img loading=\"lazy\" decoding=\"async\" src=\"https:\/\/colamericanodegirardot.edu.co\/home\/wp-content\/uploads\/2025\/11\/Parque-infantil-1-scaled.png\" alt=\"Parque infantil\" itemprop=\"image\" height=\"1493\" width=\"2560\" title=\"Parque infantil\" onerror=\"this.style.display='none'\" loading=\"lazy\" \/>\n<h2  data-animation-delay=\"0\" data-animation-duration=\"2\">\n\t\t\tDesarrollo integral\t<\/h2>\n\t<p><img decoding=\"async\" role=\"img\" draggable=\"false\" src=\"https:\/\/s.w.org\/images\/core\/emoji\/16.0.1\/svg\/1f308.svg\" alt=\"\ud83c\udf08\" \/> Crecer, aprender y so\u00f1ar<\/p>\n<p>Cada ni\u00f1o es \u00fanico, y por eso en Preescolar promovemos el desarrollo de todas sus dimensiones: corporal, cognitiva, comunicativa, art\u00edstica, emocional y espiritual.<br data-start=\"3143\" data-end=\"3146\" \/>A trav\u00e9s del juego, las historias, la m\u00fasica y el movimiento, acompa\u00f1amos con alegr\u00eda los primeros pasos en su camino de aprendizaje.<\/p>\n\t\t\t<a href=\"https:\/\/www.facebook.com\/share\/r\/1G2g2aZpee\/\" target=\"_blank\" rel=\"noopener\">\n\t\t\t\t\t\t\tDescubre m\u00e1s\n\t\t\t<\/a>\n<h2  data-animation-delay=\"0\" data-animation-duration=\"2\">\n\t\t\tLo que hace especial nuestro Preescolar\t<\/h2>\n\t<p>Cada actividad es una oportunidad para explorar, crear y descubrir el mundo de forma divertida.<\/p>\n\t<p>Espacios dise\u00f1ados para el bienestar, la curiosidad y la creatividad infantil.<\/p>\n\t<p>Introducimos la ciencia, el arte y la tecnolog\u00eda de manera l\u00fadica y adaptada a su edad.<\/p>\n\t<p>Nuestro equipo educativo acompa\u00f1a con amor cada proceso de aprendizaje.<\/p>\n\t<p>Fomentamos el respeto, la empat\u00eda y el trabajo en equipo en cada jornada.<\/p>\n\t<p>Realizamos proyectos de siembra, reciclaje y cuidado del entorno para crear conciencia ecol\u00f3gica.<\/p>\n\t<p>Ense\u00f1amos con base en principios cristianos que fortalecen el coraz\u00f3n y la fe.<\/p>\n\t<p>Celebramos fechas especiales, jornadas culturales y actividades que fortalecen la identidad y la alegr\u00eda de ser Americanistas.<\/p>\n<h2  data-animation-delay=\"0\" data-animation-duration=\"2\">\n\t\t\tEducamos con amor, guiando a los ni\u00f1os en sus primeros pasos hacia el conocimiento y la fe.\t<\/h2>\n\t<p>Descubre c\u00f3mo acompa\u00f1amos el aprendizaje de nuestros peque\u00f1os en un entorno seguro, creativo y cristoc\u00e9ntrico.<\/p>\n\t\t\t<a href=\"\" target=\"_self\">\n\t\t\t\t\t\t\tConoce m\u00e1s sobre nuestras admisiones\n\t\t\t<\/a>\n\n","protected":false},"excerpt":{"rendered":"<p>En nuestro nivel de Preescolar Los ni\u00f1os crecen en un ambiente c\u00e1lido, seguro y alegre, donde aprenden a trav\u00e9s del juego, la exploraci\u00f3n y la creatividad.Fomentamos su curiosidad natural y fortalecemos los valores que gu\u00edan su crecimiento integral. Descubre m\u00e1s sobre Preescolar Promovemos el enfoque STEAM desde la primera infancia Desde temprana edad, nuestros ni\u00f1os [&hellip;]<\/p>\n","protected":false},"author":1,"featured_media":0,"parent":0,"menu_order":0,"comment_status":"closed","ping_status":"closed","template":"","meta":{"_uag_custom_page_level_css":"","footnotes":""},"class_list":["post-1059","page","type-page","status-publish","hentry"],"uagb_featured_image_src":{"full":false,"thumbnail":false,"medium":false,"medium_large":false,"large":false,"1536x1536":false,"2048x2048":false,"scholarship-blog-medium":false,"scholarship-blog-large":false,"scholarship-portfolio-medium":false,"scholarship-team-medium":false},"uagb_author_info":{"display_name":"adm_americano","author_link":"https:\/\/colamericanodegirardot.edu.co\/home\/author\/adm_americano\/"},"uagb_comment_info":0,"uagb_excerpt":"En nuestro nivel de Preescolar Los ni\u00f1os crecen en un ambiente c\u00e1lido, seguro y alegre, donde aprenden a trav\u00e9s del juego, la exploraci\u00f3n y la creatividad.Fomentamos su curiosidad natural y fortalecemos los valores que gu\u00edan su crecimiento integral. Descubre m\u00e1s sobre Preescolar Promovemos el enfoque STEAM desde la primera infancia Desde temprana edad, nuestros ni\u00f1os&hellip;","_links":{"self":[{"href":"https:\/\/colamericanodegirardot.edu.co\/home\/wp-json\/wp\/v2\/pages\/1059","targetHints":{"allow":["GET"]}}],"collection":[{"href":"https:\/\/colamericanodegirardot.edu.co\/home\/wp-json\/wp\/v2\/pages"}],"about":[{"href":"https:\/\/colamericanodegirardot.edu.co\/home\/wp-json\/wp\/v2\/types\/page"}],"author":[{"embeddable":true,"href":"https:\/\/colamericanodegirardot.edu.co\/home\/wp-json\/wp\/v2\/users\/1"}],"replies":[{"embeddable":true,"href":"https:\/\/colamericanodegirardot.edu.co\/home\/wp-json\/wp\/v2\/comments?post=1059"}],"version-history":[{"count":11,"href":"https:\/\/colamericanodegirardot.edu.co\/home\/wp-json\/wp\/v2\/pages\/1059\/revisions"}],"predecessor-version":[{"id":2779,"href":"https:\/\/colamericanodegirardot.edu.co\/home\/wp-json\/wp\/v2\/pages\/1059\/revisions\/2779"}],"wp:attachment":[{"href":"https:\/\/colamericanodegirardot.edu.co\/home\/wp-json\/wp\/v2\/media?parent=1059"}],"curies":[{"name":"wp","href":"https:\/\/api.w.org\/{rel}","templated":true}]}}