{"id":108,"date":"2019-02-15T16:26:05","date_gmt":"2019-02-15T16:26:05","guid":{"rendered":"https:\/\/colamericanodegirardot.edu.co\/home\/?page_id=108"},"modified":"2019-03-01T15:46:11","modified_gmt":"2019-03-01T15:46:11","slug":"fundamentacion-espiritual","status":"publish","type":"page","link":"https:\/\/colamericanodegirardot.edu.co\/home\/fundamentacion-espiritual\/","title":{"rendered":"FUNDAMENTO ESPIRITUAL"},"content":{"rendered":"\n\t<p>El COLEGIO AMERICANO es un ministerio de la ASOCIACI\u00d3N PRESBITERIANA DE GIRARDOT y busca la promoci\u00f3n y desarrollo de la vida humana a trav\u00e9s de la educaci\u00f3n. Tiene su fundamentaci\u00f3n filos\u00f3fica en las concepciones, principios y pr\u00e1cticas que emanaron de la Reforma del siglo XVI. El eje teol\u00f3gico sobre el cual gira el sistema doctrinal de la Iglesia Presbiteriana Reformada es la Soberan\u00eda de Dios, de all\u00ed se desprenden los lineamientos filos\u00f3ficos y \u00e9ticos que nos gu\u00edan. Si Dios es soberano, el ser humano, criatura de Dios, debe realizar en todos sus actos esa soberan\u00eda. La Asamblea de Westminster en 1629 defini\u00f3 en el catecismo que: \u201cEl fin principal del hombre es glorificar a Dios y gozar de sus beneficios\u201d.<\/p>\n\t\t\t\t<img fetchpriority=\"high\" decoding=\"async\" src=\"https:\/\/colamericanodegirardot.edu.co\/home\/wp-content\/uploads\/2019\/03\/fundamento-espiritual.jpg\" alt=\"fundamento-espiritual\" itemprop=\"image\" height=\"540\" width=\"960\" title=\"fundamento-espiritual\" onerror=\"this.style.display='none'\"  \/>\n\t<p>El ser humano glorifica a Dios y realiza su soberan\u00eda a trav\u00e9s de la VOCACION, all\u00ed realiza su plenitud de vida por medio del trabajo, oficio y profesi\u00f3n a la que ha sido llamado (ad vocare = llamado). La educaci\u00f3n tiene como prop\u00f3sito descubrir y desarrollar la vocaci\u00f3n de cada uno.&lt;br&gt; Para que esta vocaci\u00f3n sirva a los prop\u00f3sitos de Dios debe estar fundamentada en el Amor de Dios, al pr\u00f3jimo, a uno mismo y a la creaci\u00f3n de Dios y en el servicio como forma de vida; en la solidaridad que nos hace m\u00e1s humanos, m\u00e1s fraternos y nos dignifica; en la pr\u00e1ctica de la justicia como forma de relacionarnos con los dem\u00e1s en la cotidianidad que nos identifica como seres sociales; en el altruismo contra todo ego\u00edsmo y pr\u00e1ctica discriminatoria; en el respeto a la vida, en todas sus formas, que nos obliga a preservarla y propiciar un medio ambiente apto para el desarrollo humano; en la libertad de conciencia que es uno de los bienes mayores que Dios nos ha dado y por lo cual somos libres, responsables y aut\u00e9nticos: \u201cDios los ha comprado a ustedes a gran precio; no permitan que otros hombres los hagan esclavos\u201d (1 Corintios 7.23). \u201cPorque hab\u00e9is sido comprados por precio; Glorificad pues a Dios en vuestro cuerpo y en vuestro esp\u00edritu los cuales son de Dios\u201d (Corintios 6.20).<\/p>\n","protected":false},"excerpt":{"rendered":"<p>El COLEGIO AMERICANO es un ministerio de la ASOCIACI\u00d3N PRESBITERIANA DE GIRARDOT y busca la promoci\u00f3n y desarrollo de la vida humana a trav\u00e9s de la educaci\u00f3n. Tiene su fundamentaci\u00f3n filos\u00f3fica en las concepciones, principios y pr\u00e1cticas que emanaron de la Reforma del siglo XVI. El eje teol\u00f3gico sobre el cual gira el sistema doctrinal [&hellip;]<\/p>\n","protected":false},"author":1,"featured_media":0,"parent":0,"menu_order":0,"comment_status":"closed","ping_status":"closed","template":"","meta":{"_uag_custom_page_level_css":"","footnotes":""},"class_list":["post-108","page","type-page","status-publish","hentry"],"uagb_featured_image_src":{"full":false,"thumbnail":false,"medium":false,"medium_large":false,"large":false,"1536x1536":false,"2048x2048":false,"scholarship-blog-medium":false,"scholarship-blog-large":false,"scholarship-portfolio-medium":false,"scholarship-team-medium":false},"uagb_author_info":{"display_name":"adm_americano","author_link":"https:\/\/colamericanodegirardot.edu.co\/home\/author\/adm_americano\/"},"uagb_comment_info":0,"uagb_excerpt":"El COLEGIO AMERICANO es un ministerio de la ASOCIACI\u00d3N PRESBITERIANA DE GIRARDOT y busca la promoci\u00f3n y desarrollo de la vida humana a trav\u00e9s de la educaci\u00f3n. Tiene su fundamentaci\u00f3n filos\u00f3fica en las concepciones, principios y pr\u00e1cticas que emanaron de la Reforma del siglo XVI. El eje teol\u00f3gico sobre el cual gira el sistema doctrinal&hellip;","_links":{"self":[{"href":"https:\/\/colamericanodegirardot.edu.co\/home\/wp-json\/wp\/v2\/pages\/108","targetHints":{"allow":["GET"]}}],"collection":[{"href":"https:\/\/colamericanodegirardot.edu.co\/home\/wp-json\/wp\/v2\/pages"}],"about":[{"href":"https:\/\/colamericanodegirardot.edu.co\/home\/wp-json\/wp\/v2\/types\/page"}],"author":[{"embeddable":true,"href":"https:\/\/colamericanodegirardot.edu.co\/home\/wp-json\/wp\/v2\/users\/1"}],"replies":[{"embeddable":true,"href":"https:\/\/colamericanodegirardot.edu.co\/home\/wp-json\/wp\/v2\/comments?post=108"}],"version-history":[{"count":6,"href":"https:\/\/colamericanodegirardot.edu.co\/home\/wp-json\/wp\/v2\/pages\/108\/revisions"}],"predecessor-version":[{"id":303,"href":"https:\/\/colamericanodegirardot.edu.co\/home\/wp-json\/wp\/v2\/pages\/108\/revisions\/303"}],"wp:attachment":[{"href":"https:\/\/colamericanodegirardot.edu.co\/home\/wp-json\/wp\/v2\/media?parent=108"}],"curies":[{"name":"wp","href":"https:\/\/api.w.org\/{rel}","templated":true}]}}