{"id":115,"date":"2019-02-15T16:32:05","date_gmt":"2019-02-15T16:32:05","guid":{"rendered":"https:\/\/colamericanodegirardot.edu.co\/home\/?page_id=115"},"modified":"2019-02-15T16:34:39","modified_gmt":"2019-02-15T16:34:39","slug":"fundamento-filosofico","status":"publish","type":"page","link":"https:\/\/colamericanodegirardot.edu.co\/home\/fundamento-filosofico\/","title":{"rendered":"FUNDAMENTO FILOS\u00d3FICO"},"content":{"rendered":"\n<p>El colegio Americano de Girardot, es una Instituci\u00f3n educativa cristiana de la Asociaci\u00f3n Presbiteriana de Girardot (A.P.G) de origen reformado, fundado en 1920 que sostiene como filosof\u00eda los siguientes principios:<\/p>\nA. Dios es soberano en el universo.<br>\nB. Jesucristo hijo de Dios, modelo de vida.<br>\nC. El hombre fue creado por Dios con esp\u00edritu, alma y cuerpo, pero est\u00e1 ca\u00eddo en pecado y puede ser redimido por Jesucristo, vivenciando as\u00ed la vida espiritual, que junto con todos los adelantos cient\u00edficos y educativos que tengan a su alcance puede llegar a ser verdaderamente \u201chombre libre\u201d.<br>\nD. La humanidad no es m\u00e1s que la administradora, &#8220;no due\u00f1a&#8221; del ser de la creaci\u00f3n.<br>\nE. El amor es el principio fundamental de la praxis (pr\u00e1ctica), el cual lleva a optar por \u201cser otro\u201d y optar por \u201clos otros\u201d y su mayor bien cada d\u00eda (principio de alteridad).\n<p>A partir de estos principios y frente a la realidad \u2013contexto colombiano- el Colegio Americano de Girardot, propende por: \u201cla defensa de una vida digna\u201d y en consecuencia rechaza totalmente los procesos discriminatorios en cualquiera de sus manifestaciones econ\u00f3micas, pol\u00edticas, sociales, \u00e9tnicas, religiosas u otras, siempre con el objetivo final, que el hombre y la mujer lleguen a ser verdaderamente libres, y opten por el bien com\u00fan y todos los valores que ello conlleva.<\/p>\n","protected":false},"excerpt":{"rendered":"<p>El colegio Americano de Girardot, es una Instituci\u00f3n educativa cristiana de la Asociaci\u00f3n Presbiteriana de Girardot (A.P.G) de origen reformado, fundado en 1920 que sostiene como filosof\u00eda los siguientes principios: A. Dios es soberano en el universo. B. Jesucristo hijo de Dios, modelo de vida. C. El hombre fue creado por Dios con esp\u00edritu, alma [&hellip;]<\/p>\n","protected":false},"author":1,"featured_media":0,"parent":0,"menu_order":0,"comment_status":"closed","ping_status":"closed","template":"","meta":{"_uag_custom_page_level_css":"","footnotes":""},"class_list":["post-115","page","type-page","status-publish","hentry"],"uagb_featured_image_src":{"full":false,"thumbnail":false,"medium":false,"medium_large":false,"large":false,"1536x1536":false,"2048x2048":false,"scholarship-blog-medium":false,"scholarship-blog-large":false,"scholarship-portfolio-medium":false,"scholarship-team-medium":false},"uagb_author_info":{"display_name":"adm_americano","author_link":"https:\/\/colamericanodegirardot.edu.co\/home\/author\/adm_americano\/"},"uagb_comment_info":0,"uagb_excerpt":"El colegio Americano de Girardot, es una Instituci\u00f3n educativa cristiana de la Asociaci\u00f3n Presbiteriana de Girardot (A.P.G) de origen reformado, fundado en 1920 que sostiene como filosof\u00eda los siguientes principios: A. Dios es soberano en el universo. B. Jesucristo hijo de Dios, modelo de vida. C. El hombre fue creado por Dios con esp\u00edritu, alma&hellip;","_links":{"self":[{"href":"https:\/\/colamericanodegirardot.edu.co\/home\/wp-json\/wp\/v2\/pages\/115","targetHints":{"allow":["GET"]}}],"collection":[{"href":"https:\/\/colamericanodegirardot.edu.co\/home\/wp-json\/wp\/v2\/pages"}],"about":[{"href":"https:\/\/colamericanodegirardot.edu.co\/home\/wp-json\/wp\/v2\/types\/page"}],"author":[{"embeddable":true,"href":"https:\/\/colamericanodegirardot.edu.co\/home\/wp-json\/wp\/v2\/users\/1"}],"replies":[{"embeddable":true,"href":"https:\/\/colamericanodegirardot.edu.co\/home\/wp-json\/wp\/v2\/comments?post=115"}],"version-history":[{"count":3,"href":"https:\/\/colamericanodegirardot.edu.co\/home\/wp-json\/wp\/v2\/pages\/115\/revisions"}],"predecessor-version":[{"id":119,"href":"https:\/\/colamericanodegirardot.edu.co\/home\/wp-json\/wp\/v2\/pages\/115\/revisions\/119"}],"wp:attachment":[{"href":"https:\/\/colamericanodegirardot.edu.co\/home\/wp-json\/wp\/v2\/media?parent=115"}],"curies":[{"name":"wp","href":"https:\/\/api.w.org\/{rel}","templated":true}]}}