{"id":120,"date":"2019-02-15T16:39:26","date_gmt":"2019-02-15T16:39:26","guid":{"rendered":"https:\/\/colamericanodegirardot.edu.co\/home\/?page_id=120"},"modified":"2019-02-15T16:44:58","modified_gmt":"2019-02-15T16:44:58","slug":"valores-cristocentricos","status":"publish","type":"page","link":"https:\/\/colamericanodegirardot.edu.co\/home\/valores-cristocentricos\/","title":{"rendered":"VALORES CRISTOC\u00c9NTRICOS"},"content":{"rendered":"\n\t<p>Como instituci\u00f3n tenemos cuatro valores corporativos Cristoc\u00e9ntricos que continuamente se trabajan; el respeto, la humildad, el compromiso y la justicia. Estos valores no se pueden vivir si el amor de Dios no est\u00e1 en nosotros. Como lo podemos ver en 1 de Juan 4:7 y 20: Amados, am\u00e9monos unos a otros; porque el amor es de Dios. Todo aquel que ama, es nacido de Dios, y conoce a Dios; Si alguno dice: Yo amo a Dios, y aborrece a su hermano, es mentiroso. Pues el que no ama a su hermano a quien ha visto, \u00bfc\u00f3mo puede amar a Dios a quien no ha visto? Si realmente nos amamos unos a otros podemos respetar, vivir en humildad, ser comprometidos y practicar la justicia. <\/p>\n\t\t\t\t<img fetchpriority=\"high\" decoding=\"async\" src=\"https:\/\/colamericanodegirardot.edu.co\/home\/wp-content\/uploads\/2019\/02\/valores-279x300.png\" alt=\"valores\" itemprop=\"image\" height=\"300\" width=\"279\" title=\"valores\" onerror=\"this.style.display='none'\"  \/>\n\t<p>Debemos tener a Jes\u00fas en nuestros corazones para que El siembre estos principios en nuestro ser, transforme nuestras vidas y se produzca un cambio profundo y verdadero. No se trata de un c\u00f3digo \u00e9tico y moral, se trata de una relaci\u00f3n con Jesucristo quien vino a traernos vida plena y abundante como nos lo ense\u00f1a en San Juan 10:10 \u201cEl ladr\u00f3n no viene sino para hurtar y matar y destruir; yo he venido para que tengan vida, y para que la tengan en abundancia\u201d.<\/p>\n","protected":false},"excerpt":{"rendered":"<p>Como instituci\u00f3n tenemos cuatro valores corporativos Cristoc\u00e9ntricos que continuamente se trabajan; el respeto, la humildad, el compromiso y la justicia. Estos valores no se pueden vivir si el amor de Dios no est\u00e1 en nosotros. Como lo podemos ver en 1 de Juan 4:7 y 20: Amados, am\u00e9monos unos a otros; porque el amor es [&hellip;]<\/p>\n","protected":false},"author":1,"featured_media":0,"parent":0,"menu_order":0,"comment_status":"closed","ping_status":"closed","template":"","meta":{"_uag_custom_page_level_css":"","footnotes":""},"class_list":["post-120","page","type-page","status-publish","hentry"],"uagb_featured_image_src":{"full":false,"thumbnail":false,"medium":false,"medium_large":false,"large":false,"1536x1536":false,"2048x2048":false,"scholarship-blog-medium":false,"scholarship-blog-large":false,"scholarship-portfolio-medium":false,"scholarship-team-medium":false},"uagb_author_info":{"display_name":"adm_americano","author_link":"https:\/\/colamericanodegirardot.edu.co\/home\/author\/adm_americano\/"},"uagb_comment_info":0,"uagb_excerpt":"Como instituci\u00f3n tenemos cuatro valores corporativos Cristoc\u00e9ntricos que continuamente se trabajan; el respeto, la humildad, el compromiso y la justicia. Estos valores no se pueden vivir si el amor de Dios no est\u00e1 en nosotros. Como lo podemos ver en 1 de Juan 4:7 y 20: Amados, am\u00e9monos unos a otros; porque el amor es&hellip;","_links":{"self":[{"href":"https:\/\/colamericanodegirardot.edu.co\/home\/wp-json\/wp\/v2\/pages\/120","targetHints":{"allow":["GET"]}}],"collection":[{"href":"https:\/\/colamericanodegirardot.edu.co\/home\/wp-json\/wp\/v2\/pages"}],"about":[{"href":"https:\/\/colamericanodegirardot.edu.co\/home\/wp-json\/wp\/v2\/types\/page"}],"author":[{"embeddable":true,"href":"https:\/\/colamericanodegirardot.edu.co\/home\/wp-json\/wp\/v2\/users\/1"}],"replies":[{"embeddable":true,"href":"https:\/\/colamericanodegirardot.edu.co\/home\/wp-json\/wp\/v2\/comments?post=120"}],"version-history":[{"count":4,"href":"https:\/\/colamericanodegirardot.edu.co\/home\/wp-json\/wp\/v2\/pages\/120\/revisions"}],"predecessor-version":[{"id":131,"href":"https:\/\/colamericanodegirardot.edu.co\/home\/wp-json\/wp\/v2\/pages\/120\/revisions\/131"}],"wp:attachment":[{"href":"https:\/\/colamericanodegirardot.edu.co\/home\/wp-json\/wp\/v2\/media?parent=120"}],"curies":[{"name":"wp","href":"https:\/\/api.w.org\/{rel}","templated":true}]}}