{"id":132,"date":"2019-02-15T16:58:06","date_gmt":"2019-02-15T16:58:06","guid":{"rendered":"https:\/\/colamericanodegirardot.edu.co\/home\/?page_id=132"},"modified":"2019-03-01T13:58:02","modified_gmt":"2019-03-01T13:58:02","slug":"politicas-de-calidad","status":"publish","type":"page","link":"https:\/\/colamericanodegirardot.edu.co\/home\/politicas-de-calidad\/","title":{"rendered":"POLITICAS DE CALIDAD"},"content":{"rendered":"\n\t<p>Mejorar continuamente los procesos del sistema de gesti\u00f3n de calidad, para satisfacer las necesidades de la comunidad educativa, contando con el personal competente que promueva la formaci\u00f3n en valores cristianos, los cuales generen un ambiente sano, agradable y propicio para el aprendizaje, posicion\u00e1ndonos como la mejor instituci\u00f3n educativa de la regi\u00f3n.<\/p>\n\t\t\t\t<img fetchpriority=\"high\" decoding=\"async\" src=\"https:\/\/colamericanodegirardot.edu.co\/home\/wp-content\/uploads\/2019\/03\/politica-de-calidad.png\" alt=\"politica-de-calidad\" itemprop=\"image\" height=\"576\" width=\"1024\" title=\"politica-de-calidad\" onerror=\"this.style.display='none'\"  \/>\n\t<ul>\n<li>Promover el proyecto de educaci\u00f3n en valores cristianos con <strong>ACTITUDES Y COMPORTAMIENTOS<\/strong> que sean ejemplo para la comunidad.<\/li>\n<li>Aumentar continuamente la eficacia de los procesos del Sistema de Gesti\u00f3n de Calidad <strong>(S.G.C)<\/strong> con la Colaboraci\u00f3n de toda la comunidad educativa<\/li>\n<li>Incrementa cada a\u00f1o el nivel de satisfacci\u00f3n de la comunidad educativa con el <strong>COMPROMISO<\/strong> de los funcionarios de la instituci\u00f3n.<\/li>\n<li>Mejorar anualmente el nivel de desempe\u00f1o del talento humano contando con su <strong>PARTICIPACI\u00d3N<\/strong> responsable y activa en la misi\u00f3n institucional.<\/li>\n<\/ul>\n","protected":false},"excerpt":{"rendered":"<p>Mejorar continuamente los procesos del sistema de gesti\u00f3n de calidad, para satisfacer las necesidades de la comunidad educativa, contando con el personal competente que promueva la formaci\u00f3n en valores cristianos, los cuales generen un ambiente sano, agradable y propicio para el aprendizaje, posicion\u00e1ndonos como la mejor instituci\u00f3n educativa de la regi\u00f3n. Promover el proyecto de [&hellip;]<\/p>\n","protected":false},"author":1,"featured_media":0,"parent":0,"menu_order":0,"comment_status":"closed","ping_status":"closed","template":"","meta":{"_uag_custom_page_level_css":"","footnotes":""},"class_list":["post-132","page","type-page","status-publish","hentry"],"uagb_featured_image_src":{"full":false,"thumbnail":false,"medium":false,"medium_large":false,"large":false,"1536x1536":false,"2048x2048":false,"scholarship-blog-medium":false,"scholarship-blog-large":false,"scholarship-portfolio-medium":false,"scholarship-team-medium":false},"uagb_author_info":{"display_name":"adm_americano","author_link":"https:\/\/colamericanodegirardot.edu.co\/home\/author\/adm_americano\/"},"uagb_comment_info":0,"uagb_excerpt":"Mejorar continuamente los procesos del sistema de gesti\u00f3n de calidad, para satisfacer las necesidades de la comunidad educativa, contando con el personal competente que promueva la formaci\u00f3n en valores cristianos, los cuales generen un ambiente sano, agradable y propicio para el aprendizaje, posicion\u00e1ndonos como la mejor instituci\u00f3n educativa de la regi\u00f3n. Promover el proyecto de&hellip;","_links":{"self":[{"href":"https:\/\/colamericanodegirardot.edu.co\/home\/wp-json\/wp\/v2\/pages\/132","targetHints":{"allow":["GET"]}}],"collection":[{"href":"https:\/\/colamericanodegirardot.edu.co\/home\/wp-json\/wp\/v2\/pages"}],"about":[{"href":"https:\/\/colamericanodegirardot.edu.co\/home\/wp-json\/wp\/v2\/types\/page"}],"author":[{"embeddable":true,"href":"https:\/\/colamericanodegirardot.edu.co\/home\/wp-json\/wp\/v2\/users\/1"}],"replies":[{"embeddable":true,"href":"https:\/\/colamericanodegirardot.edu.co\/home\/wp-json\/wp\/v2\/comments?post=132"}],"version-history":[{"count":4,"href":"https:\/\/colamericanodegirardot.edu.co\/home\/wp-json\/wp\/v2\/pages\/132\/revisions"}],"predecessor-version":[{"id":285,"href":"https:\/\/colamericanodegirardot.edu.co\/home\/wp-json\/wp\/v2\/pages\/132\/revisions\/285"}],"wp:attachment":[{"href":"https:\/\/colamericanodegirardot.edu.co\/home\/wp-json\/wp\/v2\/media?parent=132"}],"curies":[{"name":"wp","href":"https:\/\/api.w.org\/{rel}","templated":true}]}}