{"id":145,"date":"2019-02-19T14:35:21","date_gmt":"2019-02-19T14:35:21","guid":{"rendered":"https:\/\/colamericanodegirardot.edu.co\/home\/?page_id=145"},"modified":"2025-12-03T12:30:49","modified_gmt":"2025-12-03T12:30:49","slug":"capellania","status":"publish","type":"page","link":"https:\/\/colamericanodegirardot.edu.co\/home\/capellania\/","title":{"rendered":"CAPELLAN\u00cdA"},"content":{"rendered":"\n\n\t\t\t\t<img loading=\"lazy\" decoding=\"async\" src=\"https:\/\/colamericanodegirardot.edu.co\/home\/wp-content\/uploads\/2025\/06\/Convivencias-2025-4.jpg\" alt=\"Convivencias 2025\" itemprop=\"image\" height=\"1080\" width=\"1080\" title=\"Convivencias 2025\" onerror=\"this.style.display='none'\" loading=\"lazy\" \/>\n\t<p>Proveemos el cuidado pastoral, acompa\u00f1amiento solidario, consejer\u00eda a los miembros de la comunidad americanista. Tambi\u00e9n promovemos un ambiente saludable y arm\u00f3nico, as\u00ed como el desarrollo y bienestar espiritual de toda la comunidad a trav\u00e9s de la ense\u00f1anza de la Palabra de Dios y el afianzamiento de la fe.<\/p>\n<p>De igual modo, buscamos promover el compa\u00f1erismo y la solidaridad, dentro del recinto escolar como una forma de contribuir a la buena marcha en las relaciones de los miembros.<\/p>\n<p>A trav\u00e9s de diversas actividades: devocionales, encuentros con Cristo, convivencias, semana de \u00e9nfasis y la celebraci\u00f3n de fechas especiales: el \u00e1gape, d\u00eda de la Biblia, festival de valores, actos que cambian, culto de acci\u00f3n de gracias por los graduandos, entre otras, la Capellan\u00eda inspira y reafirma los valores y principios B\u00edblicos.<\/p>\n<p>Para este a\u00f1o 2023 Capellan\u00eda, directivos docentes, docentes y toda la comunidad educativa, estaremos trabajando bajo el Lema institucional <strong>&#8220;Mi Coraz\u00f3n al Estilo de Dios que Valora los Principios de su Palabra.&#8221;<\/strong><\/p>\n\t<h1>PROYECTO: \u00a1DETENTE, PIENSA, VALORA, AMA Y ACT\u00daA!<\/h1>\n\t\t\t\t<img loading=\"lazy\" decoding=\"async\" src=\"https:\/\/colamericanodegirardot.edu.co\/home\/wp-content\/uploads\/2025\/06\/Corazon-y-Mano-2025-Capellania.png\" alt=\"Coraz\u00f3n y Mano 2025 Capellania\" itemprop=\"image\" height=\"2268\" width=\"2509\" title=\"Coraz\u00f3n y Mano 2025 Capellania\" onerror=\"this.style.display='none'\" loading=\"lazy\" \/>\n\t<h3><strong>\u00a1DETENTE, PIENSA, RESPETA, VALORA Y AMA!<\/strong><\/h3>\n\t<h5><strong>OBJETIVOS GENERALES:<\/strong><\/h5>\n<ol>\n<li>Fortalecer las relaciones interpersonales entre los distintos miembros de la comunidad.<\/li>\n<li>Mejorar los \u00edndices de percepci\u00f3n disciplinaria y convivencial que poseen nuestros padres de familia y estudiantes.<\/li>\n<\/ol>\n<p>&nbsp;<\/p>\n<h5><strong>OBJETIVOS ESPEC\u00cdFICOS:<\/strong><\/h5>\n<ol>\n<li>Reforzar los buenos h\u00e1bitos en el trato, entre estudiantes: verbal, psicol\u00f3gico y f\u00edsico.<\/li>\n<li>Evidenciar un car\u00e1cter manso y humilde ante las autoridades en todos los estamentos de la comunidad educativa.<\/li>\n<li>Capacitar continuamente a los docentes y estudiantes en los conceptos que subyacen los 5 pilares: Detenerse de hacer lo malo, pensar antes de actuar, Valorar a cada persona, sobre todo el Amor y luego act\u00faa.<\/li>\n<\/ol>\n\n","protected":false},"excerpt":{"rendered":"<p>Proveemos el cuidado pastoral, acompa\u00f1amiento solidario, consejer\u00eda a los miembros de la comunidad americanista. Tambi\u00e9n promovemos un ambiente saludable y arm\u00f3nico, as\u00ed como el desarrollo y bienestar espiritual de toda la comunidad a trav\u00e9s de la ense\u00f1anza de la Palabra de Dios y el afianzamiento de la fe. De igual modo, buscamos promover el compa\u00f1erismo [&hellip;]<\/p>\n","protected":false},"author":1,"featured_media":0,"parent":0,"menu_order":0,"comment_status":"closed","ping_status":"closed","template":"","meta":{"_uag_custom_page_level_css":"","footnotes":""},"class_list":["post-145","page","type-page","status-publish","hentry"],"uagb_featured_image_src":{"full":false,"thumbnail":false,"medium":false,"medium_large":false,"large":false,"1536x1536":false,"2048x2048":false,"scholarship-blog-medium":false,"scholarship-blog-large":false,"scholarship-portfolio-medium":false,"scholarship-team-medium":false},"uagb_author_info":{"display_name":"adm_americano","author_link":"https:\/\/colamericanodegirardot.edu.co\/home\/author\/adm_americano\/"},"uagb_comment_info":0,"uagb_excerpt":"Proveemos el cuidado pastoral, acompa\u00f1amiento solidario, consejer\u00eda a los miembros de la comunidad americanista. Tambi\u00e9n promovemos un ambiente saludable y arm\u00f3nico, as\u00ed como el desarrollo y bienestar espiritual de toda la comunidad a trav\u00e9s de la ense\u00f1anza de la Palabra de Dios y el afianzamiento de la fe. De igual modo, buscamos promover el compa\u00f1erismo&hellip;","_links":{"self":[{"href":"https:\/\/colamericanodegirardot.edu.co\/home\/wp-json\/wp\/v2\/pages\/145","targetHints":{"allow":["GET"]}}],"collection":[{"href":"https:\/\/colamericanodegirardot.edu.co\/home\/wp-json\/wp\/v2\/pages"}],"about":[{"href":"https:\/\/colamericanodegirardot.edu.co\/home\/wp-json\/wp\/v2\/types\/page"}],"author":[{"embeddable":true,"href":"https:\/\/colamericanodegirardot.edu.co\/home\/wp-json\/wp\/v2\/users\/1"}],"replies":[{"embeddable":true,"href":"https:\/\/colamericanodegirardot.edu.co\/home\/wp-json\/wp\/v2\/comments?post=145"}],"version-history":[{"count":11,"href":"https:\/\/colamericanodegirardot.edu.co\/home\/wp-json\/wp\/v2\/pages\/145\/revisions"}],"predecessor-version":[{"id":2691,"href":"https:\/\/colamericanodegirardot.edu.co\/home\/wp-json\/wp\/v2\/pages\/145\/revisions\/2691"}],"wp:attachment":[{"href":"https:\/\/colamericanodegirardot.edu.co\/home\/wp-json\/wp\/v2\/media?parent=145"}],"curies":[{"name":"wp","href":"https:\/\/api.w.org\/{rel}","templated":true}]}}