{"id":166,"date":"2019-02-20T14:30:50","date_gmt":"2019-02-20T14:30:50","guid":{"rendered":"https:\/\/colamericanodegirardot.edu.co\/home\/?page_id=166"},"modified":"2019-02-20T14:30:50","modified_gmt":"2019-02-20T14:30:50","slug":"orientacion-profesional","status":"publish","type":"page","link":"https:\/\/colamericanodegirardot.edu.co\/home\/orientacion-profesional\/","title":{"rendered":"ORIENTACI\u00d3N PROFESIONAL"},"content":{"rendered":"\n\t<h5>INTRODUCCI\u00d3N<\/h5>\n\t<p>El proyecto de Orientaci\u00f3n profesional est\u00e1 dise\u00f1ado para ayudar y orientar a la problaci\u00f3n de estudiantes que se encuentran en los grados d\u00e9cimo y und\u00e9cimo del Colegio Americano. Para los estudiantes tener una opci\u00f3n universitaria posibilitar\u00e1 la proyecci\u00f3n de objetivos y metas suficientemente claras para la planificaci\u00f3n de una carrera universitaria y encontrar respuesta a estos interrogantes, como son: \u00bfQu\u00e9 voy hacer despu\u00e9s? \u00bfQu\u00e9 estudios me convienen m\u00e1s? Si dejo de estudiar \u00bfQu\u00e9 puedo hacer? \u00bfSer\u00e9 capaz de hacer lo que quiero?, que surgen estando a puertas de culminar los primeros logros.<\/p>\n\n<p>Nuestros estudiantes al finalizar la Educaci\u00f3n secundaria, contar\u00e1n con la informaci\u00f3n id\u00f3nea seg\u00fan sus preferencias universitarias y logren el acceso correcto al programa acad\u00e9mico de su preferencia, ampliaci\u00f3n de los temas de inter\u00e9s en com\u00fan, como en lo individual y proporcionar bases para el dise\u00f1o en su proyecto de vida profesional.<\/p>\n\t<h5>Objetivo General:<\/h5>\n\t<p>Orientar a los estudiantes en la toma de decisi\u00f3n para la elecci\u00f3n de la carrera profesional teniendo en cuenta su perfil, elaborando su proyecto universitario para dar inicio a los procesos de admisi\u00f3n universitarios.<\/p>\n\t<h5>Objetivos Espec\u00edficos:<\/h5>\n\t<ul>\n<li>Presentaci\u00f3n del programa.<\/li>\n<li>Participaci\u00f3n y apoyo en la organizaci\u00f3n de la feria universitaria.<\/li>\n<li>Indagaci\u00f3n de la opci\u00f3n universitaria seg\u00fan los intereses individuales.<\/li>\n<li>Presentaci\u00f3n de los proyecto de vida profesional.<\/li>\n<li>Proceso de admisi\u00f3n universitaria.<\/li>\n<\/ul>\n\t<h5>Meta<\/h5>\n\t<p>Presentaci\u00f3n y ejecuci\u00f3n del proyecto de orientaci\u00f3n profesional para los estudiantes de grados d\u00e9cimo y und\u00e9cimo.<\/p>\n\t<h5>D\u00e9cimo<\/h5>\n\t<ul>\n<li>Presentaci\u00f3n del programa.<\/li>\n<li>Participaci\u00f3n y apoyo en la organizaci\u00f3n de la feria universitaria.<\/li>\n<li>Reconociendo la Opci\u00f3n Seg\u00fan el perfil universitario (Aplicaci\u00f3n test).<\/li>\n<li>Indagaci\u00f3n de mi inter\u00e9s universitario.<\/li>\n<li>Visita al campus universitario.<\/li>\n<\/ul>\n\t<h5>Und\u00e9cimo<\/h5>\n\t<ul>\n<li>Presentaci\u00f3n del programa.<\/li>\n<li>Participaci\u00f3n y apoyo en la organizaci\u00f3n de la feria universitaria.<\/li>\n<li>Indagaci\u00f3n de la opci\u00f3n universitaria seg\u00fan los intereses individuales.<\/li>\n<li>Presentaci\u00f3n de los proyecto de vida profesional.<\/li>\n<li>Proceso de admisi\u00f3n universitaria.<\/li>\n<\/ul>\n","protected":false},"excerpt":{"rendered":"<p>INTRODUCCI\u00d3N El proyecto de Orientaci\u00f3n profesional est\u00e1 dise\u00f1ado para ayudar y orientar a la problaci\u00f3n de estudiantes que se encuentran en los grados d\u00e9cimo y und\u00e9cimo del Colegio Americano. Para los estudiantes tener una opci\u00f3n universitaria posibilitar\u00e1 la proyecci\u00f3n de objetivos y metas suficientemente claras para la planificaci\u00f3n de una carrera universitaria y encontrar respuesta [&hellip;]<\/p>\n","protected":false},"author":1,"featured_media":0,"parent":0,"menu_order":0,"comment_status":"closed","ping_status":"closed","template":"","meta":{"_uag_custom_page_level_css":"","footnotes":""},"class_list":["post-166","page","type-page","status-publish","hentry"],"uagb_featured_image_src":{"full":false,"thumbnail":false,"medium":false,"medium_large":false,"large":false,"1536x1536":false,"2048x2048":false,"scholarship-blog-medium":false,"scholarship-blog-large":false,"scholarship-portfolio-medium":false,"scholarship-team-medium":false},"uagb_author_info":{"display_name":"adm_americano","author_link":"https:\/\/colamericanodegirardot.edu.co\/home\/author\/adm_americano\/"},"uagb_comment_info":0,"uagb_excerpt":"INTRODUCCI\u00d3N El proyecto de Orientaci\u00f3n profesional est\u00e1 dise\u00f1ado para ayudar y orientar a la problaci\u00f3n de estudiantes que se encuentran en los grados d\u00e9cimo y und\u00e9cimo del Colegio Americano. Para los estudiantes tener una opci\u00f3n universitaria posibilitar\u00e1 la proyecci\u00f3n de objetivos y metas suficientemente claras para la planificaci\u00f3n de una carrera universitaria y encontrar respuesta&hellip;","_links":{"self":[{"href":"https:\/\/colamericanodegirardot.edu.co\/home\/wp-json\/wp\/v2\/pages\/166","targetHints":{"allow":["GET"]}}],"collection":[{"href":"https:\/\/colamericanodegirardot.edu.co\/home\/wp-json\/wp\/v2\/pages"}],"about":[{"href":"https:\/\/colamericanodegirardot.edu.co\/home\/wp-json\/wp\/v2\/types\/page"}],"author":[{"embeddable":true,"href":"https:\/\/colamericanodegirardot.edu.co\/home\/wp-json\/wp\/v2\/users\/1"}],"replies":[{"embeddable":true,"href":"https:\/\/colamericanodegirardot.edu.co\/home\/wp-json\/wp\/v2\/comments?post=166"}],"version-history":[{"count":2,"href":"https:\/\/colamericanodegirardot.edu.co\/home\/wp-json\/wp\/v2\/pages\/166\/revisions"}],"predecessor-version":[{"id":168,"href":"https:\/\/colamericanodegirardot.edu.co\/home\/wp-json\/wp\/v2\/pages\/166\/revisions\/168"}],"wp:attachment":[{"href":"https:\/\/colamericanodegirardot.edu.co\/home\/wp-json\/wp\/v2\/media?parent=166"}],"curies":[{"name":"wp","href":"https:\/\/api.w.org\/{rel}","templated":true}]}}