{"id":179,"date":"2019-02-20T17:04:45","date_gmt":"2019-02-20T17:04:45","guid":{"rendered":"https:\/\/colamericanodegirardot.edu.co\/home\/?page_id=179"},"modified":"2025-12-03T13:04:30","modified_gmt":"2025-12-03T13:04:30","slug":"biblioteca","status":"publish","type":"page","link":"https:\/\/colamericanodegirardot.edu.co\/home\/biblioteca\/","title":{"rendered":"BIBLIOTECA"},"content":{"rendered":"\n\n\t<h5>SERVICIO DE BIBLIOTECA<\/h5>\n\t<p>&nbsp;<\/p>\n<p>Apoyar el proceso de aprendizaje de los educandos incentivando la consulta, la investigaci\u00f3n cientifica y literaria, posibilitando el desarrollo de competencias comunicativas.<\/p>\n\t\t\t\t<img loading=\"lazy\" decoding=\"async\" src=\"https:\/\/colamericanodegirardot.edu.co\/home\/wp-content\/uploads\/2025\/10\/Biblioteca-scaled.png\" alt=\"Biblioteca\" itemprop=\"image\" height=\"1602\" width=\"2560\" title=\"Biblioteca\" onerror=\"this.style.display='none'\" loading=\"lazy\" \/>\n\t<h5>POL\u00cdTICAS DE USO:<\/h5>\n\t<ul>\n<li>Prestar el servicio oportuno de acuerdo a la necesidad del estudiante en los horarios de 6:40 am a 1:50 pm y de 2:50 pm a 4:40 pm.<\/li>\n<li>Los estudiantes que soliciten libros deben de presentar su permiso respectivo, portar su carnet escolar y ni tener textos ni multas pendientes.<\/li>\n<li>La permanencia de los estudiantes en la biblioteca durante horas de clase debe ser justificado por un permiso otorgado por el docente.<\/li>\n<li>El pr\u00e9stamo de libros para el desarrollo de las clases sera unicamente con el permiso del docente y devueltos al terminar la clase en perfecto estado.<\/li>\n<li>Cuando un texto se solicita para el trabajo fuera de la instituci\u00f3n, se otorga un d\u00eda para dicha consulta; en caso de obra literaria se conceder\u00e1n 3 d\u00edas.<\/li>\n<li>En caso de p\u00e9rdida y\/o da\u00f1o del texto, el estudiante debe reponerlo por otro nuevo (si este no se puede arreglar en el caso de da\u00f1o).<\/li>\n<li>Si se requiere la biblioteca para permitir a los estudiantes un trabajo en clase, deber\u00e1n presentar el permiso correspondiente por el docente y m\u00e1ximo de 2 estudiantes por grupo.<\/li>\n<li>Se realizaran un consolidado de pr\u00e9stamo de texto mensualmente, cuyo registro se har\u00e1 en el formato.<\/li>\n<\/ul>\n\t<h5>SERVICIO DE BIBLIOTECA<\/h5>\n\t<p>Apoyar el proceso de aprendizaje de los educandos incentivando la consulta, la investigaci\u00f3n cientifica y literaria, posibilitando el desarrollo de competencias comunicativas.<\/p>\n\t<h5>POL\u00cdTICAS DE USO:<\/h5>\n\t<ul>\n<li>Prestar el servicio oportuno de acuerdo a la necesidad del estudiante en los horarios de 6:40 am a 1:50 pm y de 2:50 pm a 4:40 pm.<\/li>\n<li>Los estudiantes que soliciten libros deben de presentar su permiso respectivo, portar su carnet escolar y ni tener textos ni multas pendientes.<\/li>\n<li>La permanencia de los estudiantes en la biblioteca durante horas de clase debe ser justificado por un permiso otorgado por el docente.<\/li>\n<li>El pr\u00e9stamo de libros para el desarrollo de las clases sera unicamente con el permiso del docente y devueltos al terminar la clase en perfecto estado.<\/li>\n<li>Cuando un texto se solicita para el trabajo fuera de la instituci\u00f3n, se otorga un d\u00eda para dicha consulta; en caso de obra literaria se conceder\u00e1n 3 d\u00edas.<\/li>\n<li>En caso de p\u00e9rdida y\/o da\u00f1o del texto, el estudiante debe reponerlo por otro nuevo (si este no se puede arreglar en el caso de da\u00f1o).<\/li>\n<li>Si se requiere la biblioteca para permitir a los estudiantes un trabajo en clase, deber\u00e1n presentar el permiso correspondiente por el docente y m\u00e1ximo de 2 estudiantes por grupo.<\/li>\n<li>Se realizaran un consolidado de pr\u00e9stamo de texto mensualmente, cuyo registro se har\u00e1 en el formato.<\/li>\n<\/ul>\n\n","protected":false},"excerpt":{"rendered":"<p>SERVICIO DE BIBLIOTECA &nbsp; Apoyar el proceso de aprendizaje de los educandos incentivando la consulta, la investigaci\u00f3n cientifica y literaria, posibilitando el desarrollo de competencias comunicativas. POL\u00cdTICAS DE USO: Prestar el servicio oportuno de acuerdo a la necesidad del estudiante en los horarios de 6:40 am a 1:50 pm y de 2:50 pm a 4:40 [&hellip;]<\/p>\n","protected":false},"author":1,"featured_media":0,"parent":0,"menu_order":0,"comment_status":"closed","ping_status":"closed","template":"","meta":{"_uag_custom_page_level_css":"","footnotes":""},"class_list":["post-179","page","type-page","status-publish","hentry"],"uagb_featured_image_src":{"full":false,"thumbnail":false,"medium":false,"medium_large":false,"large":false,"1536x1536":false,"2048x2048":false,"scholarship-blog-medium":false,"scholarship-blog-large":false,"scholarship-portfolio-medium":false,"scholarship-team-medium":false},"uagb_author_info":{"display_name":"adm_americano","author_link":"https:\/\/colamericanodegirardot.edu.co\/home\/author\/adm_americano\/"},"uagb_comment_info":0,"uagb_excerpt":"SERVICIO DE BIBLIOTECA &nbsp; Apoyar el proceso de aprendizaje de los educandos incentivando la consulta, la investigaci\u00f3n cientifica y literaria, posibilitando el desarrollo de competencias comunicativas. POL\u00cdTICAS DE USO: Prestar el servicio oportuno de acuerdo a la necesidad del estudiante en los horarios de 6:40 am a 1:50 pm y de 2:50 pm a 4:40&hellip;","_links":{"self":[{"href":"https:\/\/colamericanodegirardot.edu.co\/home\/wp-json\/wp\/v2\/pages\/179","targetHints":{"allow":["GET"]}}],"collection":[{"href":"https:\/\/colamericanodegirardot.edu.co\/home\/wp-json\/wp\/v2\/pages"}],"about":[{"href":"https:\/\/colamericanodegirardot.edu.co\/home\/wp-json\/wp\/v2\/types\/page"}],"author":[{"embeddable":true,"href":"https:\/\/colamericanodegirardot.edu.co\/home\/wp-json\/wp\/v2\/users\/1"}],"replies":[{"embeddable":true,"href":"https:\/\/colamericanodegirardot.edu.co\/home\/wp-json\/wp\/v2\/comments?post=179"}],"version-history":[{"count":11,"href":"https:\/\/colamericanodegirardot.edu.co\/home\/wp-json\/wp\/v2\/pages\/179\/revisions"}],"predecessor-version":[{"id":2701,"href":"https:\/\/colamericanodegirardot.edu.co\/home\/wp-json\/wp\/v2\/pages\/179\/revisions\/2701"}],"wp:attachment":[{"href":"https:\/\/colamericanodegirardot.edu.co\/home\/wp-json\/wp\/v2\/media?parent=179"}],"curies":[{"name":"wp","href":"https:\/\/api.w.org\/{rel}","templated":true}]}}