{"id":2002,"date":"2025-09-12T17:33:39","date_gmt":"2025-09-12T17:33:39","guid":{"rendered":"https:\/\/colamericanodegirardot.edu.co\/home\/?page_id=2002"},"modified":"2026-01-09T17:55:37","modified_gmt":"2026-01-09T17:55:37","slug":"seccion-de-primaria","status":"publish","type":"page","link":"https:\/\/colamericanodegirardot.edu.co\/home\/seccion-de-primaria\/","title":{"rendered":"SECCI\u00d3N DE PRIMARIA"},"content":{"rendered":"\n<h1  data-animation-delay=\"0\" data-animation-duration=\"3\">\n\t\t\tPrimaria: Aprendizaje que Inspira, Innova, Crea y Transforma\t<\/h1>\n\t<p>En nuestra secci\u00f3n de Primaria, los estudiantes desarrollan habilidades acad\u00e9micas s\u00f3lidas mientras exploran, investigan y experimentan mediante el enfoque <strong data-start=\"574\" data-end=\"583\">STEAM<\/strong>. Convertimos cada clase en un laboratorio de creatividad donde <strong>la ciencia, la tecnolog\u00eda, el arte y las matem\u00e1ticas<\/strong> se integran para potenciar el pensamiento cr\u00edtico y la innovaci\u00f3n.<br data-start=\"766\" data-end=\"769\" \/>Nuestro enfoque cristoc\u00e9ntrico gu\u00eda cada paso, sembrando valores como la responsabilidad, la solidaridad y el respeto hacia los dem\u00e1s y el entorno.<\/p>\n\t\t\t<a href=\"https:\/\/www.facebook.com\/ColegioAmericanodeGirardot\/videos\/1428973665054768?locale=es_LA\" target=\"_blank\" rel=\"noopener\">\n\t\t\t\t\t\t\tConoce nuestros proyectos STEAM\n\t\t\t<\/a>\n<h2  data-animation-delay=\"0\" data-animation-duration=\"3\">\n\t\t\tFormaci\u00f3n Integral con Prop\u00f3sito\t<\/h2>\n\t<p>Nuestro modelo educativo combina creatividad, ciencia, tecnolog\u00eda y valores para desarrollar habilidades reales en los estudiantes. Cada experiencia de aprendizaje fortalece su curiosidad, pensamiento cr\u00edtico y sentido de comunidad.<\/p>\n\t\t\t\t<img loading=\"lazy\" decoding=\"async\" src=\"https:\/\/colamericanodegirardot.edu.co\/home\/wp-content\/uploads\/2025\/10\/STEAM23.jpg\" alt=\"STEAM23\" itemprop=\"image\" height=\"900\" width=\"1350\" title=\"STEAM23\" onerror=\"this.style.display='none'\" loading=\"lazy\" \/>\n\t<h3>Exploraci\u00f3n &amp; Creatividad<\/h3>\n<p>A trav\u00e9s de proyectos pr\u00e1cticos y actividades interactivas, nuestros estudiantes descubren el mundo que los rodea. El aprendizaje se convierte en una aventura donde crear, experimentar y preguntar es parte del d\u00eda a d\u00eda.<\/p>\n<p><a href=\"#\">Lea<\/a><a href=\"#\">rn<\/a><a href=\"#\"> more &gt;<\/a><\/p>\n\t\t\t\t<img loading=\"lazy\" decoding=\"async\" src=\"https:\/\/colamericanodegirardot.edu.co\/home\/wp-content\/uploads\/2025\/10\/STEAM35.jpg\" alt=\"STEAM35\" itemprop=\"image\" height=\"900\" width=\"1350\" title=\"STEAM35\" onerror=\"this.style.display='none'\" loading=\"lazy\" \/>\n\t<h3>Ciencia &amp; Tecnolog\u00eda con Prop\u00f3sito<\/h3>\n<p>El enfoque STEAM impulsa el pensamiento cr\u00edtico y la resoluci\u00f3n de problemas. Los estudiantes utilizan herramientas tecnol\u00f3gicas y cient\u00edficas para investigar, dise\u00f1ar y construir soluciones reales y significativas.<\/p>\n<p><a href=\"#\">Learn more &gt;<\/a><\/p>\n\t\t\t\t<img loading=\"lazy\" decoding=\"async\" src=\"https:\/\/colamericanodegirardot.edu.co\/home\/wp-content\/uploads\/2025\/10\/STEAM27.jpg\" alt=\"STEAM27\" itemprop=\"image\" height=\"900\" width=\"1350\" title=\"STEAM27\" onerror=\"this.style.display='none'\" loading=\"lazy\" \/>\n\t<h3>Valores &amp; Trabajo en Equipo<\/h3>\n<p>Promovemos una formaci\u00f3n cristoc\u00e9ntrica que fortalece la empat\u00eda, el respeto y la responsabilidad. Los proyectos colaborativos ense\u00f1an a trabajar en equipo, escuchar y construir juntos un mejor futuro.<\/p>\n<p><a href=\"#\">Learn more &gt;<\/a><\/p>\n\t\t\t\t<img loading=\"lazy\" decoding=\"async\" src=\"https:\/\/colamericanodegirardot.edu.co\/home\/wp-content\/uploads\/2025\/11\/Nuestra-Impresora-3D-2.png\" alt=\"Nuestra Impresora 3D\" itemprop=\"image\" height=\"1440\" width=\"2158\" title=\"Nuestra Impresora 3D\" onerror=\"this.style.display='none'\" loading=\"lazy\" \/>\n<h2  data-animation-delay=\"0\" data-animation-duration=\"3\">\n\t\t\tFormaci\u00f3n Integral que Construye Futuro\t<\/h2>\n\t<p>En Primaria fortalecemos las competencias fundamentales mientras los estudiantes experimentan el aprendizaje desde la curiosidad. A trav\u00e9s de proyectos STEAM, desarrollan habilidades para investigar, analizar y crear, conectando sus aprendizajes con situaciones reales del entorno.<\/p>\n\t\t\t<a href=\"\" target=\"_self\">\n\t\t\t\t\t\t\tConoce Nuestra Formaci\u00f3n Integral\n\t\t\t<\/a>\n<h2  data-animation-delay=\"0\" data-animation-duration=\"3\">\n\t\t\tAmor por la Naturaleza y Cuidado del Entorno\t<\/h2>\n\t<p>Nuestro proyecto ambiental fomenta el respeto y la responsabilidad ecol\u00f3gica mediante actividades de reciclaje, reutilizaci\u00f3n y siembra. Los ni\u00f1os comprenden la importancia de cuidar la creaci\u00f3n, construyendo h\u00e1bitos que aportan a un planeta sostenible.<\/p>\n\t\t\t<a href=\"\" target=\"_self\">\n\t\t\t\t\t\t\tConoce Nuestro Proyecto Ambiental\n\t\t\t<\/a>\n\t\t\t\t<img loading=\"lazy\" decoding=\"async\" src=\"https:\/\/colamericanodegirardot.edu.co\/home\/wp-content\/uploads\/2025\/12\/Granja-APG4-1.png\" alt=\"Granja APG4\" itemprop=\"image\" height=\"1440\" width=\"2158\" title=\"Granja APG4\" onerror=\"this.style.display='none'\" loading=\"lazy\" \/>\n\t\t\t\t<img loading=\"lazy\" decoding=\"async\" src=\"https:\/\/colamericanodegirardot.edu.co\/home\/wp-content\/uploads\/2025\/12\/Aula-Maker-2.png\" alt=\"Aula Maker\" itemprop=\"image\" height=\"780\" width=\"1040\" title=\"Aula Maker\" onerror=\"this.style.display='none'\" loading=\"lazy\" \/>\n<h2  data-animation-delay=\"0\" data-animation-duration=\"3\">\n\t\t\tArte, Tecnolog\u00eda y Expresi\u00f3n\t<\/h2>\n\t<p>El arte y la tecnolog\u00eda convergen para expandir la imaginaci\u00f3n. Los estudiantes dise\u00f1an, crean y transforman ideas en proyectos visuales, tecnol\u00f3gicos y experimentales que fortalecen su autonom\u00eda y creatividad.<\/p>\n\t\t\t<a href=\"\" target=\"_self\">\n\t\t\t\t\t\t\tExplorar Creatividad STEAM\n\t\t\t<\/a>\n<h2  data-animation-delay=\"0\" data-animation-duration=\"3\">\n\t\t\t\u2705 Todos Nuestros Niveles Incluyen\t<\/h2>\n\t<p>Cada estudiante recibe una orientaci\u00f3n cercana y constante que permite reconocer su ritmo de aprendizaje, fortalecer sus habilidades y brindar apoyo oportuno para que alcance su m\u00e1ximo potencial acad\u00e9mico y personal.<\/p>\n\t<p>Los estudiantes aprenden a analizar, investigar y proponer soluciones creativas a situaciones reales, fortaleciendo sus habilidades l\u00f3gicas y su capacidad para enfrentar desaf\u00edos de manera aut\u00f3noma y responsable.<\/p>\n\t<p>Desde las aulas y los espacios Maker, los estudiantes exploran la ciencia, la tecnolog\u00eda, el arte y las matem\u00e1ticas mediante proyectos reales que promueven la creatividad, la experimentaci\u00f3n y la innovaci\u00f3n como herramientas para transformar su entorno.<\/p>\n\t<p>A trav\u00e9s de actividades grupales, retos y proyectos interdisciplinarios, promovemos la comunicaci\u00f3n asertiva, el respeto por las ideas de los dem\u00e1s y el liderazgo positivo en cada uno de nuestros estudiantes.<\/p>\n\t<p>Todos los procesos educativos se fundamentan en principios b\u00edblicos como el respeto, la humildad, el compromiso y la justicia, promoviendo una convivencia sana y una vida guiada por la fe, el servicio y el amor al pr\u00f3jimo.<\/p>\n\t<p>Nuestro equipo docente se forma continuamente en estrategias pedag\u00f3gicas innovadoras y herramientas digitales que elevan la calidad del aprendizaje y hacen de cada experiencia educativa un proceso motivador.<\/p>\n\t<p>Contamos con espacios dise\u00f1ados para estimular la curiosidad: laboratorios, sala Maker, zonas interactivas y recursos tecnol\u00f3gicos que convierten cada clase en una experiencia din\u00e1mica y significativa.<\/p>\n\t<p>Desde temprana edad, los estudiantes participan en programas de reciclaje, siembra y conservaci\u00f3n del entorno, fortaleciendo una cultura de responsabilidad ecol\u00f3gica. Adem\u00e1s, contamos con <strong data-start=\"411\" data-end=\"445\">nuestra Aula Ambiental Abierta<\/strong>, un espacio vivo donde los ni\u00f1os aprenden directamente de la naturaleza, desarrollan proyectos ecol\u00f3gicos y experimentan de forma pr\u00e1ctica el cuidado del medio ambiente.<\/p>\n<h2  data-animation-delay=\"0\" data-animation-duration=\"3\">\n\t\t\tUn Colegio que Inspira, Innova, Crea y Transforma\t<\/h2>\n\t<p><strong>En el Colegio Americano de Girardot,<\/strong> cada experiencia educativa est\u00e1 dise\u00f1ada para despertar la curiosidad, fortalecer el car\u00e1cter y conectar el aprendizaje con la vida real. <strong>Nuestro modelo STEAM<\/strong> impulsa proyectos donde los estudiantes crean, investigan y resuelven retos reales en compa\u00f1\u00eda de docentes comprometidos y una comunidad educativa que los acompa\u00f1a en su crecimiento acad\u00e9mico, espiritual y personal.<\/p>\n\t\t\t<a href=\"https:\/\/www.facebook.com\/ColegioAmericanodeGirardot\/videos\/9475338472498155?locale=es_LA\" target=\"_blank\" rel=\"noopener\">\n\t\t\t\t\t\t\tRecorre nuestros espacios\n\t\t\t<\/a>\n\n","protected":false},"excerpt":{"rendered":"<p>Primaria: Aprendizaje que Inspira, Innova, Crea y Transforma En nuestra secci\u00f3n de Primaria, los estudiantes desarrollan habilidades acad\u00e9micas s\u00f3lidas mientras exploran, investigan y experimentan mediante el enfoque STEAM. Convertimos cada clase en un laboratorio de creatividad donde la ciencia, la tecnolog\u00eda, el arte y las matem\u00e1ticas se integran para potenciar el pensamiento cr\u00edtico y la [&hellip;]<\/p>\n","protected":false},"author":1,"featured_media":0,"parent":0,"menu_order":0,"comment_status":"closed","ping_status":"closed","template":"","meta":{"_uag_custom_page_level_css":"","footnotes":""},"class_list":["post-2002","page","type-page","status-publish","hentry"],"uagb_featured_image_src":{"full":false,"thumbnail":false,"medium":false,"medium_large":false,"large":false,"1536x1536":false,"2048x2048":false,"scholarship-blog-medium":false,"scholarship-blog-large":false,"scholarship-portfolio-medium":false,"scholarship-team-medium":false},"uagb_author_info":{"display_name":"adm_americano","author_link":"https:\/\/colamericanodegirardot.edu.co\/home\/author\/adm_americano\/"},"uagb_comment_info":0,"uagb_excerpt":"Primaria: Aprendizaje que Inspira, Innova, Crea y Transforma En nuestra secci\u00f3n de Primaria, los estudiantes desarrollan habilidades acad\u00e9micas s\u00f3lidas mientras exploran, investigan y experimentan mediante el enfoque STEAM. Convertimos cada clase en un laboratorio de creatividad donde la ciencia, la tecnolog\u00eda, el arte y las matem\u00e1ticas se integran para potenciar el pensamiento cr\u00edtico y la&hellip;","_links":{"self":[{"href":"https:\/\/colamericanodegirardot.edu.co\/home\/wp-json\/wp\/v2\/pages\/2002","targetHints":{"allow":["GET"]}}],"collection":[{"href":"https:\/\/colamericanodegirardot.edu.co\/home\/wp-json\/wp\/v2\/pages"}],"about":[{"href":"https:\/\/colamericanodegirardot.edu.co\/home\/wp-json\/wp\/v2\/types\/page"}],"author":[{"embeddable":true,"href":"https:\/\/colamericanodegirardot.edu.co\/home\/wp-json\/wp\/v2\/users\/1"}],"replies":[{"embeddable":true,"href":"https:\/\/colamericanodegirardot.edu.co\/home\/wp-json\/wp\/v2\/comments?post=2002"}],"version-history":[{"count":8,"href":"https:\/\/colamericanodegirardot.edu.co\/home\/wp-json\/wp\/v2\/pages\/2002\/revisions"}],"predecessor-version":[{"id":2780,"href":"https:\/\/colamericanodegirardot.edu.co\/home\/wp-json\/wp\/v2\/pages\/2002\/revisions\/2780"}],"wp:attachment":[{"href":"https:\/\/colamericanodegirardot.edu.co\/home\/wp-json\/wp\/v2\/media?parent=2002"}],"curies":[{"name":"wp","href":"https:\/\/api.w.org\/{rel}","templated":true}]}}