{"id":2303,"date":"2025-09-30T16:44:12","date_gmt":"2025-09-30T16:44:12","guid":{"rendered":"https:\/\/colamericanodegirardot.edu.co\/home\/?page_id=2303"},"modified":"2026-01-09T19:08:59","modified_gmt":"2026-01-09T19:08:59","slug":"clubs","status":"publish","type":"page","link":"https:\/\/colamericanodegirardot.edu.co\/home\/clubs\/","title":{"rendered":"CLUBS"},"content":{"rendered":"\n<h1  data-animation-delay=\"0\" data-animation-duration=\"2\">\n\t\t\tNOS PREOCUPAMOS POR EL DESARROLLO INTEGRAL DE NUESTROS ESTUDIANTES\t<\/h1>\n\t<p>ESCUELAS DE FORMACI\u00d3N<\/p>\n\t\t\t<a href=\"\" target=\"_self\">\n\t\t\t\t\t\t\tACTIVA TU VIDA\n\t\t\t<\/a>\n<h2  data-animation-delay=\"0\" data-animation-duration=\"2\">\n\t\t\tM\u00daSICA\t<\/h2>\n\t\t\t\t<img loading=\"lazy\" decoding=\"async\" src=\"https:\/\/colamericanodegirardot.edu.co\/home\/wp-content\/uploads\/2025\/10\/Banda-Musical-CAG.jpeg\" alt=\"Banda Musical CAG\" itemprop=\"image\" height=\"703\" width=\"1080\" title=\"Banda Musical CAG\" onerror=\"this.style.display='none'\" loading=\"lazy\" \/>\n\t<p>Desarrollamos el talento musical con clases de instrumentos, t\u00e9cnica vocal y ensambles que inspiran sensibilidad art\u00edstica y amor por la cultura.<\/p>\n<p><a href=\"#\">Learn more<\/a><\/p>\n<h2  data-animation-delay=\"0\" data-animation-duration=\"2\">\n\t\t\tDANZA\t<\/h2>\n\t\t\t\t<img loading=\"lazy\" decoding=\"async\" src=\"https:\/\/colamericanodegirardot.edu.co\/home\/wp-content\/uploads\/2025\/09\/IMG_0710.jpg\" alt=\"IMG_0710\" itemprop=\"image\" height=\"1280\" width=\"1920\" title=\"IMG_0710\" onerror=\"this.style.display='none'\" loading=\"lazy\" \/>\n\t<p>Expresamos la cultura y el arte a trav\u00e9s del movimiento, fortaleciendo la disciplina, la creatividad y el trabajo en equipo en cada presentaci\u00f3n.<\/p>\n<p><a href=\"#\">Learn more<\/a><\/p>\n<h2  data-animation-delay=\"0\" data-animation-duration=\"2\">\n\t\t\tARTES PL\u00c1STICAS\t<\/h2>\n\t\t\t\t<img loading=\"lazy\" decoding=\"async\" src=\"https:\/\/colamericanodegirardot.edu.co\/home\/wp-content\/uploads\/2025\/09\/IMG_8311-scaled.jpg\" alt=\"IMG_8311\" itemprop=\"image\" height=\"1707\" width=\"2560\" title=\"IMG_8311\" onerror=\"this.style.display='none'\" loading=\"lazy\" \/>\n\t<p>Fomentamos la imaginaci\u00f3n y la creatividad mediante pintura, dibujo y escultura, formando estudiantes con pensamiento innovador y expresi\u00f3n propia.<\/p>\n<p><a href=\"#\">Learn more<\/a><\/p>\n<h1  data-animation-delay=\"0\" data-animation-duration=\"2\">\n\t\t\t\u00a1Descubre y potencia tu talento!\t<\/h1>\n\t<p>Nuestras Escuelas de Formaci\u00f3n est\u00e1n abiertas para todos los estudiantes que deseen explorar sus habilidades art\u00edsticas, culturales y deportivas. Acompa\u00f1amos cada proceso con docentes especializados que inspiran pasi\u00f3n, disciplina y amor por lo que hacen.<\/p>\n\t\t\t<a href=\"https:\/\/www.facebook.com\/ColegioAmericanodeGirardot\/videos\/1428973665054768?locale=es_LA\" target=\"_blank\" rel=\"noopener\">\n\t\t\t\t\t\t\tConoce m\u00e1s e inscr\u00edbete\n\t\t\t<\/a>\n\t\t\t\t<img loading=\"lazy\" decoding=\"async\" src=\"https:\/\/colamericanodegirardot.edu.co\/home\/wp-content\/uploads\/2025\/09\/Campeones.jpg\" alt=\"Campeones\" itemprop=\"image\" height=\"1620\" width=\"1620\" title=\"Campeones\" onerror=\"this.style.display='none'\" loading=\"lazy\" \/>\n<h2  data-animation-delay=\"0\" data-animation-duration=\"2\">\n\t\t\tDEPORTES\t<\/h2>\n\t<p>Impulsamos el liderazgo, la perseverancia y el esp\u00edritu de superaci\u00f3n en disciplinas deportivas que promueven la salud, el trabajo en equipo y la sana competencia.<\/p>\n\t\t\t<a href=\"\" target=\"_self\">\n\t\t\t\t\t\t\tLearn more\n\t\t\t<\/a>\n<h2  data-animation-delay=\"0\" data-animation-duration=\"2\">\n\t\t\tTestimonios\t<\/h2>\n\t<p>Gracias a la Escuela de M\u00fasica descubr\u00ed mi talento en la bater\u00eda y ahora participo en los eventos del colegio con m\u00e1s confianza.<\/p>\n\t\t\t\t<img loading=\"lazy\" decoding=\"async\" src=\"https:\/\/colamericanodegirardot.edu.co\/home\/wp-content\/uploads\/2025\/09\/IMG_9628-scaled.jpg\" alt=\"IMG_9628\" itemprop=\"image\" height=\"1707\" width=\"2560\" title=\"IMG_9628\" onerror=\"this.style.display='none'\" loading=\"lazy\" \/>\n\t<strong>Joseph Cabrera<br \/>\n<\/strong>Estudiante\n\t<p>Me encanta poder expresar mis ideas a trav\u00e9s de la pintura. He aprendido a ver el mundo con m\u00e1s creatividad.<\/p>\n\t\t\t\t<img loading=\"lazy\" decoding=\"async\" src=\"https:\/\/colamericanodegirardot.edu.co\/home\/wp-content\/uploads\/2025\/09\/IMG_8313-scaled.jpg\" alt=\"IMG_8313\" itemprop=\"image\" height=\"1707\" width=\"2560\" title=\"IMG_8313\" onerror=\"this.style.display='none'\" loading=\"lazy\" \/>\n\t<strong>Isabella Acosta<br \/>\n<\/strong>Estudiante\n<h4  data-animation-delay=\"0\" data-animation-duration=\"1\">\n\t\t\tEl Colegio Americano de Girardot forma parte de una tradici\u00f3n educativa con m\u00e1s de 100 a\u00f1os al servicio de la comunidad, brindando una formaci\u00f3n acad\u00e9mica de calidad, basada en valores cristianos y en el desarrollo integral de cada estudiante.\t<\/h4>\n\t\t\t<a href=\"\" target=\"_self\">\n\t\t\t\t\t\t\tCont\u00e1ctanos\n\t\t\t<\/a>\n\t\ud83d\udccd Direcci\u00f3n: Calle 21 N\u00b0 10-40\/45 Barrio Sucre &#8211; Centro\n\u260e\ufe0f Tel\u00e9fono: 3203480945 &#8211; 317 8636673\n\u2709\ufe0f Correo institucional: recepcion@colamericanodegirardot.edu.co\n\ud83c\udf10 @colamericanodegirardot.edu.co\n\n","protected":false},"excerpt":{"rendered":"<p>NOS PREOCUPAMOS POR EL DESARROLLO INTEGRAL DE NUESTROS ESTUDIANTES ESCUELAS DE FORMACI\u00d3N ACTIVA TU VIDA M\u00daSICA Desarrollamos el talento musical con clases de instrumentos, t\u00e9cnica vocal y ensambles que inspiran sensibilidad art\u00edstica y amor por la cultura. Learn more DANZA Expresamos la cultura y el arte a trav\u00e9s del movimiento, fortaleciendo la disciplina, la creatividad [&hellip;]<\/p>\n","protected":false},"author":1,"featured_media":0,"parent":0,"menu_order":0,"comment_status":"closed","ping_status":"closed","template":"","meta":{"_uag_custom_page_level_css":"","footnotes":""},"class_list":["post-2303","page","type-page","status-publish","hentry"],"uagb_featured_image_src":{"full":false,"thumbnail":false,"medium":false,"medium_large":false,"large":false,"1536x1536":false,"2048x2048":false,"scholarship-blog-medium":false,"scholarship-blog-large":false,"scholarship-portfolio-medium":false,"scholarship-team-medium":false},"uagb_author_info":{"display_name":"adm_americano","author_link":"https:\/\/colamericanodegirardot.edu.co\/home\/author\/adm_americano\/"},"uagb_comment_info":0,"uagb_excerpt":"NOS PREOCUPAMOS POR EL DESARROLLO INTEGRAL DE NUESTROS ESTUDIANTES ESCUELAS DE FORMACI\u00d3N ACTIVA TU VIDA M\u00daSICA Desarrollamos el talento musical con clases de instrumentos, t\u00e9cnica vocal y ensambles que inspiran sensibilidad art\u00edstica y amor por la cultura. Learn more DANZA Expresamos la cultura y el arte a trav\u00e9s del movimiento, fortaleciendo la disciplina, la creatividad&hellip;","_links":{"self":[{"href":"https:\/\/colamericanodegirardot.edu.co\/home\/wp-json\/wp\/v2\/pages\/2303","targetHints":{"allow":["GET"]}}],"collection":[{"href":"https:\/\/colamericanodegirardot.edu.co\/home\/wp-json\/wp\/v2\/pages"}],"about":[{"href":"https:\/\/colamericanodegirardot.edu.co\/home\/wp-json\/wp\/v2\/types\/page"}],"author":[{"embeddable":true,"href":"https:\/\/colamericanodegirardot.edu.co\/home\/wp-json\/wp\/v2\/users\/1"}],"replies":[{"embeddable":true,"href":"https:\/\/colamericanodegirardot.edu.co\/home\/wp-json\/wp\/v2\/comments?post=2303"}],"version-history":[{"count":11,"href":"https:\/\/colamericanodegirardot.edu.co\/home\/wp-json\/wp\/v2\/pages\/2303\/revisions"}],"predecessor-version":[{"id":2782,"href":"https:\/\/colamericanodegirardot.edu.co\/home\/wp-json\/wp\/v2\/pages\/2303\/revisions\/2782"}],"wp:attachment":[{"href":"https:\/\/colamericanodegirardot.edu.co\/home\/wp-json\/wp\/v2\/media?parent=2303"}],"curies":[{"name":"wp","href":"https:\/\/api.w.org\/{rel}","templated":true}]}}