{"id":2319,"date":"2025-09-30T17:14:18","date_gmt":"2025-09-30T17:14:18","guid":{"rendered":"https:\/\/colamericanodegirardot.edu.co\/home\/?page_id=2319"},"modified":"2025-12-09T19:21:41","modified_gmt":"2025-12-09T19:21:41","slug":"metodologia","status":"publish","type":"page","link":"https:\/\/colamericanodegirardot.edu.co\/home\/metodologia\/","title":{"rendered":"METODOLOG\u00cdA"},"content":{"rendered":"\n<h1  data-animation-delay=\"0\" data-animation-duration=\"3\">\n\t\t\tNUESTRA METODOLOG\u00cdA\t<\/h1>\n\t\t\t<a href=\"\" target=\"_self\">\n\t\t\t\t\t\t\tConoce m\u00e1s\n\t\t\t<\/a>\n\t\t\t\t<img loading=\"lazy\" decoding=\"async\" src=\"https:\/\/colamericanodegirardot.edu.co\/home\/wp-content\/uploads\/2025\/12\/MOTODOLOGIA-ACADEMIC.png\" alt=\"MOTODOLOGIA ACADEMIC\" itemprop=\"image\" height=\"782\" width=\"1080\" title=\"MOTODOLOGIA ACADEMIC\" onerror=\"this.style.display='none'\" loading=\"lazy\" \/>\n<h2  data-animation-delay=\"0\" data-animation-duration=\"3\">\n\t\t\tMetodolog\u00eda Acad\u00e9mica\t<\/h2>\n\t<p>A trav\u00e9s de proyectos pedag\u00f3gicos, uso de herramientas digitales, experiencias colaborativas y trabajo interdisciplinario, los estudiantes adquieren competencias que fortalecen su autonom\u00eda, pensamiento cr\u00edtico y compromiso con la sociedad.<\/p>\n\t\t\t<a href=\"\" target=\"_self\">\n\t\t\t\t\t\t\tVer nuestra metodolog\u00eda acad\u00e9mica\n\t\t\t<\/a>\n\t\t\t\t<img loading=\"lazy\" decoding=\"async\" src=\"https:\/\/colamericanodegirardot.edu.co\/home\/wp-content\/uploads\/2025\/12\/CONVIVENCIA.png\" alt=\"CONVIVENCIA\" itemprop=\"image\" height=\"747\" width=\"1053\" title=\"CONVIVENCIA\" onerror=\"this.style.display='none'\" loading=\"lazy\" \/>\n<h2  data-animation-delay=\"0\" data-animation-duration=\"3\">\n\t\t\tMetodolog\u00eda Convivencial\t<\/h2>\n\tCreemos que aprender a convivir es tan importante como aprender a conocer. Nuestra metodolog\u00eda convivencial promueve el di\u00e1logo, la empat\u00eda y la resoluci\u00f3n pac\u00edfica de conflictos, fortaleciendo la construcci\u00f3n de una comunidad educativa respetuosa e incluyente.\nSe implementan estrategias de acompa\u00f1amiento socioemocional, programas de mediaci\u00f3n escolar y actividades de integraci\u00f3n que favorecen la sana convivencia y la vivencia de valores cristianos. Adem\u00e1s, se articula con nuestro proyecto ambiental institucional, que motiva el cuidado del ecosistema, la siembra de plantas y la reutilizaci\u00f3n de materiales, formando ciudadanos responsables con el entorno y comprometidos con un futuro sostenible.\n\t\t\t<a href=\"\" target=\"_self\">\n\t\t\t\t\t\t\tConoce nuestra gu\u00eda convivencial\n\t\t\t<\/a>\n<h2  data-animation-delay=\"0\" data-animation-duration=\"3\">\n\t\t\tMetodolog\u00eda de Trabajo\t<\/h2>\n\t<p>En el Colegio Americano de Girardot desarrollamos procesos educativos centrados en el aprendizaje significativo, donde las experiencias, los proyectos y el trabajo colaborativo fortalecen las competencias de cada estudiante. Promovemos espacios din\u00e1micos que integran tecnolog\u00eda, pensamiento cr\u00edtico y valores institucionales para garantizar una formaci\u00f3n integral.<\/p>\n\t\t\t<a href=\"\" target=\"_self\">\n\t\t\t\t\t\t\tConoce nuestra metodolog\u00eda\n\t\t\t<\/a>\n\t\t\t\t<img loading=\"lazy\" decoding=\"async\" src=\"https:\/\/colamericanodegirardot.edu.co\/home\/wp-content\/uploads\/2025\/12\/Metodologia-de-trabajo-2.png\" alt=\"Metodolog\u00eda de trabajo\" itemprop=\"image\" height=\"750\" width=\"993\" title=\"Metodolog\u00eda de trabajo\" onerror=\"this.style.display='none'\" loading=\"lazy\" \/>\n<h2  data-animation-delay=\"0\" data-animation-duration=\"3\">\n\t\t\tNuestro Compromiso con la Excelencia\t<\/h2>\n\t<p>Creemos en una educaci\u00f3n transformadora basada en principios cristianos, que impulsa a cada estudiante a desarrollar sus talentos, fortalecer sus habilidades socioemocionales y asumir retos acad\u00e9micos con responsabilidad y creatividad.<\/p>\n\t<p>Nuestra filosof\u00eda institucional promueve ambientes de aprendizaje seguros, respetuosos y estimulantes, donde la innovaci\u00f3n, los valores y el acompa\u00f1amiento continuo permiten que cada estudiante construya un proyecto de vida con prop\u00f3sito.<\/p>\n<h2  data-animation-delay=\"0\" data-animation-duration=\"3\">\n\t\t\tFormaci\u00f3n Integral que Construye Futuro\t<\/h2>\n\t<p>En el Colegio Americano de Girardot acompa\u00f1amos a nuestros estudiantes en su proceso de crecimiento acad\u00e9mico, convivencial y espiritual, formando l\u00edderes que impactan positivamente su entorno y proyectan un futuro lleno de oportunidades.<\/p>\n\t\t\t<a href=\"\" target=\"_self\">\n\t\t\t\t\t\t\tM\u00e1s sobre nuestra formaci\u00f3n\n\t\t\t<\/a>\n\n","protected":false},"excerpt":{"rendered":"<p>NUESTRA METODOLOG\u00cdA Conoce m\u00e1s Metodolog\u00eda Acad\u00e9mica A trav\u00e9s de proyectos pedag\u00f3gicos, uso de herramientas digitales, experiencias colaborativas y trabajo interdisciplinario, los estudiantes adquieren competencias que fortalecen su autonom\u00eda, pensamiento cr\u00edtico y compromiso con la sociedad. Ver nuestra metodolog\u00eda acad\u00e9mica Metodolog\u00eda Convivencial Creemos que aprender a convivir es tan importante como aprender a conocer. Nuestra metodolog\u00eda [&hellip;]<\/p>\n","protected":false},"author":1,"featured_media":0,"parent":0,"menu_order":0,"comment_status":"closed","ping_status":"closed","template":"","meta":{"_uag_custom_page_level_css":"","footnotes":""},"class_list":["post-2319","page","type-page","status-publish","hentry"],"uagb_featured_image_src":{"full":false,"thumbnail":false,"medium":false,"medium_large":false,"large":false,"1536x1536":false,"2048x2048":false,"scholarship-blog-medium":false,"scholarship-blog-large":false,"scholarship-portfolio-medium":false,"scholarship-team-medium":false},"uagb_author_info":{"display_name":"adm_americano","author_link":"https:\/\/colamericanodegirardot.edu.co\/home\/author\/adm_americano\/"},"uagb_comment_info":0,"uagb_excerpt":"NUESTRA METODOLOG\u00cdA Conoce m\u00e1s Metodolog\u00eda Acad\u00e9mica A trav\u00e9s de proyectos pedag\u00f3gicos, uso de herramientas digitales, experiencias colaborativas y trabajo interdisciplinario, los estudiantes adquieren competencias que fortalecen su autonom\u00eda, pensamiento cr\u00edtico y compromiso con la sociedad. Ver nuestra metodolog\u00eda acad\u00e9mica Metodolog\u00eda Convivencial Creemos que aprender a convivir es tan importante como aprender a conocer. Nuestra metodolog\u00eda&hellip;","_links":{"self":[{"href":"https:\/\/colamericanodegirardot.edu.co\/home\/wp-json\/wp\/v2\/pages\/2319","targetHints":{"allow":["GET"]}}],"collection":[{"href":"https:\/\/colamericanodegirardot.edu.co\/home\/wp-json\/wp\/v2\/pages"}],"about":[{"href":"https:\/\/colamericanodegirardot.edu.co\/home\/wp-json\/wp\/v2\/types\/page"}],"author":[{"embeddable":true,"href":"https:\/\/colamericanodegirardot.edu.co\/home\/wp-json\/wp\/v2\/users\/1"}],"replies":[{"embeddable":true,"href":"https:\/\/colamericanodegirardot.edu.co\/home\/wp-json\/wp\/v2\/comments?post=2319"}],"version-history":[{"count":4,"href":"https:\/\/colamericanodegirardot.edu.co\/home\/wp-json\/wp\/v2\/pages\/2319\/revisions"}],"predecessor-version":[{"id":2751,"href":"https:\/\/colamericanodegirardot.edu.co\/home\/wp-json\/wp\/v2\/pages\/2319\/revisions\/2751"}],"wp:attachment":[{"href":"https:\/\/colamericanodegirardot.edu.co\/home\/wp-json\/wp\/v2\/media?parent=2319"}],"curies":[{"name":"wp","href":"https:\/\/api.w.org\/{rel}","templated":true}]}}