{"id":427,"date":"2019-12-17T16:32:41","date_gmt":"2019-12-17T16:32:41","guid":{"rendered":"https:\/\/colamericanodegirardot.edu.co\/home\/?page_id=427"},"modified":"2025-12-03T13:40:19","modified_gmt":"2025-12-03T13:40:19","slug":"427-2","status":"publish","type":"page","link":"https:\/\/colamericanodegirardot.edu.co\/home\/427-2\/","title":{"rendered":"GESTI\u00d3N DE CONVIVENCIA Y DISCIPLINA"},"content":{"rendered":"\n\n\t\t\t\t<img loading=\"lazy\" decoding=\"async\" src=\"https:\/\/colamericanodegirardot.edu.co\/home\/wp-content\/uploads\/2019\/12\/banner-zona-academica.jpg\" alt=\"banner-zona-academica\" itemprop=\"image\" height=\"300\" width=\"1200\" title=\"banner-zona-academica\" onerror=\"this.style.display='none'\" loading=\"lazy\" \/>\n\t<p>En un ambiente global de grandes demandas formativas, el Colegio Americano de Girardot se destaca como una organizaci\u00f3n acad\u00e9mica que satisface estas demandas y mantiene su liderazgo como promotor de valores y principios cristianos, \u00e9ticos, morales, sociales, y culturales; la sana convivencia que se vive al interior del establecimiento y los valores \u00e9ticos, y ciudadanos que vivencian los egresados a lo largo del tiempo, dan cuenta de lo significativo que resulta para cientos de familias de la regi\u00f3n que conf\u00edan en nosotros, nuestro modelo pedag\u00f3gico.<\/p>\n<p>La Convivencia Escolar es sin lugar a dudas uno de los procesos m\u00e1s relevantes y simb\u00f3licos de nuestro modelo formativo que promueve de manera intensa las sanas relaciones, en un ambiente de exigencia y colaboraci\u00f3n mutua donde &#8220;aprender a vivir juntos1&#8221; es la consigna. Nuestra acci\u00f3n pedag\u00f3gica no se limita a la relaci\u00f3n entre los ni\u00f1os y adolescentes, sino que involucra las formas de interacci\u00f3n interpersonal, los mecanismos de resoluci\u00f3n de conflictos o controversias y las buenas costumbres que garantizan el desarrollo responsable de la persona como integrante de una familia, una ciudad, un pa\u00eds y un planeta.<\/p>\n<p>La base para la Convivencia Escolar del Colegio son los principios y valores cristianos, los cuales ayudan a interpretar la Reforma Protestante, la Constituci\u00f3n Pol\u00edtica de Colombia, la Ley General de Educaci\u00f3n 115 de 2004 y sus decretos reglamentarios, y la Ley 1620 de 2013 &#8220;C\u00f3digo de infancia y adolescencia&#8221;, donde se consignan los derechos y deberes de los menores.<\/p>\n\t<h2>LAS NORMAS BIBL\u00cdCAS &#8211; BASES PARA UNA BUENA CONVIVENCIA<\/h2>\n<p>&nbsp;<\/p>\n<ul>\n<li>Ama al se\u00f1or Dios todo poderoso y a su hijo Jesucristo, sobre todas las cosas.<\/li>\n<\/ul>\n<ul>\n<li>Honra a padre y a madre en todo momento, te ir\u00e1 bien, y vivir\u00e1s muchos a\u00f1os en la tierra.<\/li>\n<\/ul>\n<ul>\n<li>Respeta y acata toda autoridad, son puestas por Dios para corregir, gu\u00edar y proteger.<\/li>\n<\/ul>\n<ul>\n<li>Considera que el disc\u00edpulo no es m\u00e1s que su maestro, y que el estudiante no es m\u00e1s que su profesor.<\/li>\n<\/ul>\n<ul>\n<li>Obedece todas las normas escritas y las normas orales, preservar\u00e1n tu vida.<\/li>\n<\/ul>\n<ul>\n<li>Cultiva pensamientos limpios y de bienestar para con los dem\u00e1s, deja la mentira y no seas testigo falso.<\/li>\n<\/ul>\n<ul>\n<li>S\u00e9 misericordioso con el m\u00e1s d\u00e9bil, con el necesitado y diligente; con \u00e9l necio comportate respetuoso pero no participes de su necedad.<\/li>\n<\/ul>\n<ul>\n<li>Arrepi\u00e9ntete de todo acto malo, pensamiento u omisi\u00f3n que da\u00f1e a otro o a ti mismo.<\/li>\n<\/ul>\n<ul>\n<li>En todo momento perdona y bendice, ofrece a los dem\u00e1s amabilidad y cortesia.<\/li>\n<\/ul>\n<ul>\n<li>Aplica en todas las acciones honradez y generosidad.<\/li>\n<\/ul>\n<ul>\n<li>Deja el chisme, la malicia, las malas palabras, la murmuraci\u00f3n, la altivez y la discordia.<\/li>\n<\/ul>\n<ul>\n<li>Deja la contienda, la divisi\u00f3n, la venganza, el ego\u00edsmo, la envidia y los malos pensamientos.<\/li>\n<\/ul>\n<ul>\n<li>Deja la morbosidad, la curiosidad desmedida, la burla, las agresiones, la ira y el enojo.<\/li>\n<\/ul>\n\t<h2>PILARES FUNDAMENTALES QUE DIRIGEN TODAS LAS CONDUCTAS DE LOS MIEMBROS DE LA COMUNIDAD EDUCATIVA<\/h2>\n\t<h2>HUMILDAD<\/h2>\n\t<h2>COMPROMISO<\/h2>\n\t<h2>JUSTICIA<\/h2>\n\t<h2>RESPETO<\/h2>\n\t<ul>\n<li>Reconoce sus errores y asume una actitud de cambio: Tiene la valent\u00eda de reconocer cuando se ha equivocado, pide perd\u00f3n y cambia de actitud.<\/li>\n<li>Escucha con atenci\u00f3n y permite ser orientado (a): Admite que tiene limitaciones y que necesita de las dem\u00e1s personas.<\/li>\n<li>Sirve con amor sin hacer alarde de sus conocimientos: Presta ayuda con amabilidad y respeto; hace sentir a su pr\u00f3jimo importante y valioso.<\/li>\n<li>Tiene dominio propio: Domina sus impulsos, sus emociones y sentimientos frente a diferentes situaciones dif\u00edciles que le presenta la vida.<\/li>\n<\/ul>\n\t<ul>\n<li>Cumple responsablemente con sus deberes y com\u00adpromisos.<\/li>\n<li>Conoce y pone en pr\u00e1ctica el Manual de Convivencia.<\/li>\n<li>Asume su aprendizaje como un compromiso consigo mismo.<\/li>\n<li>Asume responsablemente su compromiso como estu\u00addiante frente a su familia.<\/li>\n<\/ul>\n\t<ul>\n<li>Act\u00faa con justicia en su relaci\u00f3n con sus semejantes.<\/li>\n<li>Demuestra sensatez en la manera de actuar.<\/li>\n<li>Analiza y juzga las circunstancias para distinguir el bien del mal, y lo verdadero de lo falso.<\/li>\n<li>Demuestra comprensi\u00f3n sobre lo que significa enten\u00adder el buen camino.<\/li>\n<li>Facultad de pensar y juzgar las situaciones y circuns\u00adtancias para distinguir lo positivo de lo negativo.<\/li>\n<li>Opini\u00f3n razonada sobre un asunto o persona.<\/li>\n<\/ul>\n\t<ul>\n<li>Utiliza un l\u00e9xico agradable: Se expresa con un buen vo\u00adcabulario con sus compa\u00f1eros, docentes y comunidad educativa en general.<\/li>\n<li>Responde en forma asertiva: Ante una agresi\u00f3n verbal no responde en los mismos t\u00e9rminos sino de forma res\u00adpetuosa.<\/li>\n<li>Tiene cuidado de s\u00ed mismo y del otro: Tiene cuidado de su entorno, de s\u00ed mismo y de los dem\u00e1s.<\/li>\n<li>Trata a los dem\u00e1s como desea ser tratado: Trata a sus compa\u00f1eros y superiores con amabilidad, como anhela ser tratado.<\/li>\n<\/ul>\n\t<h2>LOS DIRECTORES DE CURSO, EQUIPO L\u00cdDER DE LA CONVIVENCIA<\/h2>\n\t\t\t\t<img loading=\"lazy\" decoding=\"async\" src=\"https:\/\/colamericanodegirardot.edu.co\/home\/wp-content\/uploads\/2025\/06\/MOSAICO-DOCENTES-2025-scaled.jpg\" alt=\"MOSAICO DOCENTES 2025\" itemprop=\"image\" height=\"1554\" width=\"2560\" title=\"MOSAICO DOCENTES 2025\" onerror=\"this.style.display='none'\" loading=\"lazy\" \/>\n\t<p>\u00bfQui\u00e9n es el Director o Directora de curso del Colegio Americano de Girardot? Es un docente con alto desempe\u00f1o profesional y personal, que es designado por las Coordinaciones Acad\u00e9mica y Convivencial, para acompa\u00f1ar, dirigir, cuidar, y preservar el cumplimiento de los derechos y deberes de los estudiantes confiados a su cargo. El docente director (a) de curso establece los m\u00e9todos y estrategias pedag\u00f3gicas y did\u00e1cticas que ayudan a los estudiantes en el reto de apropiar los principios de las Sagradas escrituras, la Constituci\u00f3n Pol\u00edtica de Colombia, los Derechos universales del hombre, las competencias ciudadanas, las reglas b\u00e1sicas de convivencia escolar, y las normas del Manual de Convivencia. El Director (a) de curso es responsable de vigilar c\u00f3mo va el desempe\u00f1o Acad\u00e9mico y Convivencial de los estudiantes, cuidando y abonando continuamente los aspectos an\u00edmicos, psicol\u00f3gicos y espirituales de los menores; esto le confiere la responsabilidad de mantener un canal de comunicaci\u00f3n claro y sincero con los Padres de Familia o acudientes para asegurar el bienestar y adecuada formaci\u00f3n de los menores.<\/p>\n\t<h2>LOS MONITORES DE CURSO, EQUIPO CLAVE EN LA CONVIVENCIA ESCOLAR<\/h2>\n\t\t<iframe width=\"560\" height=\"300\" src=\"https:\/\/www.youtube.com\/embed\/NhmIxK-AhZg\" frameborder=\"0\" allow=\"accelerometer; autoplay; encrypted-media; gyroscope; picture-in-picture\" allowfullscreen><\/iframe>\t\n\t\u00bfQui\u00e9n es el monitor de curso? Es un estudiante con buen testimonio dentro del grupo de escolares que mantiene un desempe\u00f1o Acad\u00e9mico ALTO y que se destaca por sus actitudes ciudadanas en pro del cuidado y conservaci\u00f3n de sus compa\u00f1eros. Su funci\u00f3n principal es motivar (con su propio ejemplo) a los compa\u00f1eros de aula para que superen sus dificultades de atenci\u00f3n, y concentraci\u00f3n en clase y cumpla cada d\u00eda con sus deberes escolares. El monitor (a) de aula puede desempe\u00f1ar el encargo durante todo el a\u00f1o y se constituye en la mejor ayuda para el director (a) de curso, inform\u00e1ndole acerca de novedades y situaciones espec\u00edficas que vivan sus compa\u00f1eros con m\u00e1s bajos desempe\u00f1os. \nEl monitor (a) se encarga tambi\u00e9n de acompa\u00f1ar en distintas situaciones convivenciales a los estudiantes que se ven involucrados en peque\u00f1as controversias volvi\u00e9ndose un conciliador de situaciones en el aula. \n\t<h2>V\u00cdDEOS SOBRE CONVIVENCIA ESCOLAR<\/h2>\n\t\t<iframe width=\"560\" height=\"300\" src=\"https:\/\/www.youtube.com\/embed\/3rYPMzQX9Ck\" frameborder=\"0\" allow=\"accelerometer; autoplay; encrypted-media; gyroscope; picture-in-picture\" allowfullscreen><\/iframe>\t\n\n","protected":false},"excerpt":{"rendered":"<p>En un ambiente global de grandes demandas formativas, el Colegio Americano de Girardot se destaca como una organizaci\u00f3n acad\u00e9mica que satisface estas demandas y mantiene su liderazgo como promotor de valores y principios cristianos, \u00e9ticos, morales, sociales, y culturales; la sana convivencia que se vive al interior del establecimiento y los valores \u00e9ticos, y ciudadanos [&hellip;]<\/p>\n","protected":false},"author":1,"featured_media":0,"parent":0,"menu_order":0,"comment_status":"closed","ping_status":"closed","template":"","meta":{"_uag_custom_page_level_css":"","footnotes":""},"class_list":["post-427","page","type-page","status-publish","hentry"],"uagb_featured_image_src":{"full":false,"thumbnail":false,"medium":false,"medium_large":false,"large":false,"1536x1536":false,"2048x2048":false,"scholarship-blog-medium":false,"scholarship-blog-large":false,"scholarship-portfolio-medium":false,"scholarship-team-medium":false},"uagb_author_info":{"display_name":"adm_americano","author_link":"https:\/\/colamericanodegirardot.edu.co\/home\/author\/adm_americano\/"},"uagb_comment_info":0,"uagb_excerpt":"En un ambiente global de grandes demandas formativas, el Colegio Americano de Girardot se destaca como una organizaci\u00f3n acad\u00e9mica que satisface estas demandas y mantiene su liderazgo como promotor de valores y principios cristianos, \u00e9ticos, morales, sociales, y culturales; la sana convivencia que se vive al interior del establecimiento y los valores \u00e9ticos, y ciudadanos&hellip;","_links":{"self":[{"href":"https:\/\/colamericanodegirardot.edu.co\/home\/wp-json\/wp\/v2\/pages\/427","targetHints":{"allow":["GET"]}}],"collection":[{"href":"https:\/\/colamericanodegirardot.edu.co\/home\/wp-json\/wp\/v2\/pages"}],"about":[{"href":"https:\/\/colamericanodegirardot.edu.co\/home\/wp-json\/wp\/v2\/types\/page"}],"author":[{"embeddable":true,"href":"https:\/\/colamericanodegirardot.edu.co\/home\/wp-json\/wp\/v2\/users\/1"}],"replies":[{"embeddable":true,"href":"https:\/\/colamericanodegirardot.edu.co\/home\/wp-json\/wp\/v2\/comments?post=427"}],"version-history":[{"count":8,"href":"https:\/\/colamericanodegirardot.edu.co\/home\/wp-json\/wp\/v2\/pages\/427\/revisions"}],"predecessor-version":[{"id":2704,"href":"https:\/\/colamericanodegirardot.edu.co\/home\/wp-json\/wp\/v2\/pages\/427\/revisions\/2704"}],"wp:attachment":[{"href":"https:\/\/colamericanodegirardot.edu.co\/home\/wp-json\/wp\/v2\/media?parent=427"}],"curies":[{"name":"wp","href":"https:\/\/api.w.org\/{rel}","templated":true}]}}