{"id":77,"date":"2019-02-15T13:49:43","date_gmt":"2019-02-15T13:49:43","guid":{"rendered":"https:\/\/colamericanodegirardot.edu.co\/home\/?page_id=77"},"modified":"2025-06-26T13:25:04","modified_gmt":"2025-06-26T13:25:04","slug":"nuestra-mision-y-vision","status":"publish","type":"page","link":"https:\/\/colamericanodegirardot.edu.co\/home\/nuestra-mision-y-vision\/","title":{"rendered":"NUESTRA MISI\u00d3N Y VISI\u00d3N"},"content":{"rendered":"\n\n\t<h3><strong>Misi\u00f3n:<\/strong><\/h3>\n<p>Formar personas con principios y valores b\u00edblicos Reformados, que desarrollen habilidades cognitivas y socioemocionales, a trav\u00e9s de procesos de educaci\u00f3n de calidad e innovaci\u00f3n; privilegiando el aprendizaje del ingl\u00e9s y los intereses vocacionales del estudiante, aportando a la construcci\u00f3n de la familia y la transformaci\u00f3n social.<\/p>\n\t\t\t\t<img loading=\"lazy\" decoding=\"async\" src=\"https:\/\/colamericanodegirardot.edu.co\/home\/wp-content\/uploads\/2025\/06\/Mision-Vision-300x300.jpg\" alt=\"Misi\u00f3n Visi\u00f3n\" itemprop=\"image\" height=\"300\" width=\"300\" title=\"Misi\u00f3n Visi\u00f3n\" onerror=\"this.style.display='none'\" loading='lazy' \/>\n\t<h3><strong>Visi\u00f3n:<\/strong><\/h3>\n<p>El Colegio Americano de Girardot de la Iglesia Presbiteriana de Girardot, Es una instituci\u00f3n educativa de alta calidad, reconocida a nivel regional por su aporte a la construcci\u00f3n de una mejor sociedad, a trav\u00e9s de la formaci\u00f3n en principios y valores b\u00edblicos Reformados y el desarrollo de habilidades cognitivas.<\/p>\n\n","protected":false},"excerpt":{"rendered":"<p>Misi\u00f3n: Formar personas con principios y valores b\u00edblicos Reformados, que desarrollen habilidades cognitivas y socioemocionales, a trav\u00e9s de procesos de educaci\u00f3n de calidad e innovaci\u00f3n; privilegiando el aprendizaje del ingl\u00e9s y los intereses vocacionales del estudiante, aportando a la construcci\u00f3n de la familia y la transformaci\u00f3n social. Visi\u00f3n: El Colegio Americano de Girardot de la [&hellip;]<\/p>\n","protected":false},"author":1,"featured_media":0,"parent":0,"menu_order":0,"comment_status":"closed","ping_status":"closed","template":"","meta":{"_uag_custom_page_level_css":"","footnotes":""},"class_list":["post-77","page","type-page","status-publish","hentry"],"uagb_featured_image_src":{"full":false,"thumbnail":false,"medium":false,"medium_large":false,"large":false,"1536x1536":false,"2048x2048":false,"scholarship-blog-medium":false,"scholarship-blog-large":false,"scholarship-portfolio-medium":false,"scholarship-team-medium":false},"uagb_author_info":{"display_name":"adm_americano","author_link":"https:\/\/colamericanodegirardot.edu.co\/home\/author\/adm_americano\/"},"uagb_comment_info":0,"uagb_excerpt":"Misi\u00f3n: Formar personas con principios y valores b\u00edblicos Reformados, que desarrollen habilidades cognitivas y socioemocionales, a trav\u00e9s de procesos de educaci\u00f3n de calidad e innovaci\u00f3n; privilegiando el aprendizaje del ingl\u00e9s y los intereses vocacionales del estudiante, aportando a la construcci\u00f3n de la familia y la transformaci\u00f3n social. Visi\u00f3n: El Colegio Americano de Girardot de la&hellip;","_links":{"self":[{"href":"https:\/\/colamericanodegirardot.edu.co\/home\/wp-json\/wp\/v2\/pages\/77","targetHints":{"allow":["GET"]}}],"collection":[{"href":"https:\/\/colamericanodegirardot.edu.co\/home\/wp-json\/wp\/v2\/pages"}],"about":[{"href":"https:\/\/colamericanodegirardot.edu.co\/home\/wp-json\/wp\/v2\/types\/page"}],"author":[{"embeddable":true,"href":"https:\/\/colamericanodegirardot.edu.co\/home\/wp-json\/wp\/v2\/users\/1"}],"replies":[{"embeddable":true,"href":"https:\/\/colamericanodegirardot.edu.co\/home\/wp-json\/wp\/v2\/comments?post=77"}],"version-history":[{"count":13,"href":"https:\/\/colamericanodegirardot.edu.co\/home\/wp-json\/wp\/v2\/pages\/77\/revisions"}],"predecessor-version":[{"id":1924,"href":"https:\/\/colamericanodegirardot.edu.co\/home\/wp-json\/wp\/v2\/pages\/77\/revisions\/1924"}],"wp:attachment":[{"href":"https:\/\/colamericanodegirardot.edu.co\/home\/wp-json\/wp\/v2\/media?parent=77"}],"curies":[{"name":"wp","href":"https:\/\/api.w.org\/{rel}","templated":true}]}}